{"id":118,"date":"2023-05-27T17:26:11","date_gmt":"2023-05-27T15:26:11","guid":{"rendered":"https:\/\/cordescomtat.com\/?page_id=118"},"modified":"2023-06-26T21:20:50","modified_gmt":"2023-06-26T19:20:50","slug":"ateliers-verriers-de-gresigne","status":"publish","type":"page","link":"https:\/\/cordescomtat.com\/index.php\/ateliers-verriers-de-gresigne\/","title":{"rendered":"Ateliers verriers de Gr\u00e9signe"},"content":{"rendered":"\n<div class=\"wp-block-group\"><div class=\"wp-block-group__inner-container is-layout-constrained wp-block-group-is-layout-constrained\">\n<div data-wp-interactive=\"core\/file\" class=\"wp-block-file\"><object data-wp-bind--hidden=\"!state.hasPdfPreview\" hidden class=\"wp-block-file__embed\" data=\"https:\/\/cordescomtat.com\/wp-content\/uploads\/2023\/05\/Conf-verriers-Gresigne-2.pdf\" type=\"application\/pdf\" style=\"width:100%;height:600px\" aria-label=\"Contenu embarqu\u00e9 Conf-verriers-Gresigne-2.\"><\/object><a id=\"wp-block-file--media-10aa3577-d2d0-4aa4-af0b-2ff2372929ef\" href=\"https:\/\/cordescomtat.com\/wp-content\/uploads\/2023\/05\/Conf-verriers-Gresigne-2.pdf\">Conf-verriers-Gresigne-2<\/a><a href=\"https:\/\/cordescomtat.com\/wp-content\/uploads\/2023\/05\/Conf-verriers-Gresigne-2.pdf\" class=\"wp-block-file__button wp-element-button\" download aria-describedby=\"wp-block-file--media-10aa3577-d2d0-4aa4-af0b-2ff2372929ef\">T\u00e9l\u00e9charger<\/a><\/div>\n\n\n\n<p class=\"has-text-align-center\">Le m\u00e9moire de Nina David peut \u00eatre consult\u00e9 aux Archives D\u00e9partementales du Tarn \u00e0 Albi ou aupr\u00e8s de l&rsquo;association (contacter l&rsquo;administrateur).<\/p>\n<\/div><\/div>\n","protected":false},"excerpt":{"rendered":"<p>Le m\u00e9moire de Nina David peut \u00eatre consult\u00e9 aux Archives D\u00e9partementales du Tarn \u00e0 Albi ou aupr\u00e8s de l&rsquo;association (contacter l&rsquo;administrateur).<\/p>\n","protected":false},"author":2,"featured_media":0,"parent":0,"menu_order":0,"comment_status":"closed","ping_status":"closed","template":"","meta":{"footnotes":""},"class_list":["post-118","page","type-page","status-publish"],"_links":{"self":[{"href":"https:\/\/cordescomtat.com\/index.php\/wp-json\/wp\/v2\/pages\/118","targetHints":{"allow":["GET"]}}],"collection":[{"href":"https:\/\/cordescomtat.com\/index.php\/wp-json\/wp\/v2\/pages"}],"about":[{"href":"https:\/\/cordescomtat.com\/index.php\/wp-json\/wp\/v2\/types\/page"}],"author":[{"embeddable":true,"href":"https:\/\/cordescomtat.com\/index.php\/wp-json\/wp\/v2\/users\/2"}],"replies":[{"embeddable":true,"href":"https:\/\/cordescomtat.com\/index.php\/wp-json\/wp\/v2\/comments?post=118"}],"version-history":[{"count":2,"href":"https:\/\/cordescomtat.com\/index.php\/wp-json\/wp\/v2\/pages\/118\/revisions"}],"predecessor-version":[{"id":252,"href":"https:\/\/cordescomtat.com\/index.php\/wp-json\/wp\/v2\/pages\/118\/revisions\/252"}],"wp:attachment":[{"href":"https:\/\/cordescomtat.com\/index.php\/wp-json\/wp\/v2\/media?parent=118"}],"curies":[{"name":"wp","href":"https:\/\/api.w.org\/{rel}","templated":true}]}}