{"id":231,"date":"2023-06-22T11:15:52","date_gmt":"2023-06-22T09:15:52","guid":{"rendered":"https:\/\/cordescomtat.com\/?page_id=231"},"modified":"2026-01-27T11:34:07","modified_gmt":"2026-01-27T10:34:07","slug":"bibliotheque-patrimoniale","status":"publish","type":"page","link":"https:\/\/cordescomtat.com\/index.php\/bibliotheque-patrimoniale\/","title":{"rendered":"biblioth\u00e8que patrimoniale"},"content":{"rendered":"\n<hr class=\"wp-block-separator aligncenter has-alpha-channel-opacity is-style-wide\"\/>\n\n\n\n<p class=\"has-base-3-color has-text-color has-link-color wp-elements-6fd0f21400364dda7d3ce84a0d6f65e4\">.<\/p>\n\n\n\n<h4 class=\"wp-block-heading has-text-align-center\">Publications r\u00e9centes et anciennes disponibles aupr\u00e8s de l&rsquo;association.<\/h4>\n\n\n\n<p class=\"has-base-3-color has-text-color has-link-color wp-elements-6fd0f21400364dda7d3ce84a0d6f65e4\">.<\/p>\n\n\n\n<hr class=\"wp-block-separator aligncenter has-alpha-channel-opacity is-style-wide\"\/>\n\n\n\n<h2 class=\"wp-block-heading has-text-align-center\">Cordes et Raimond VII<\/h2>\n\n\n<div class=\"wp-block-image\">\n<figure class=\"aligncenter size-full is-resized\"><img loading=\"lazy\" decoding=\"async\" width=\"423\" height=\"575\" src=\"https:\/\/cordescomtat.com\/wp-content\/uploads\/2026\/01\/1-ere-couverture-VD-1.jpg\" alt=\"\" class=\"wp-image-725\" style=\"width:532px;height:auto\" srcset=\"https:\/\/cordescomtat.com\/wp-content\/uploads\/2026\/01\/1-ere-couverture-VD-1.jpg 423w, https:\/\/cordescomtat.com\/wp-content\/uploads\/2026\/01\/1-ere-couverture-VD-1-221x300.jpg 221w\" sizes=\"auto, (max-width: 423px) 100vw, 423px\" \/><\/figure>\n<\/div>\n\n\n<p class=\"has-text-align-center has-base-3-color has-text-color has-link-color wp-elements-ad6e88b1d1f6aa5361312042b27d5101\">.<\/p>\n\n\n<div class=\"wp-block-image\">\n<figure class=\"aligncenter size-full is-resized\"><img loading=\"lazy\" decoding=\"async\" width=\"429\" height=\"530\" src=\"https:\/\/cordescomtat.com\/wp-content\/uploads\/2026\/01\/4eme-couverture.jpg\" alt=\"\" class=\"wp-image-727\" style=\"width:537px;height:auto\" srcset=\"https:\/\/cordescomtat.com\/wp-content\/uploads\/2026\/01\/4eme-couverture.jpg 429w, https:\/\/cordescomtat.com\/wp-content\/uploads\/2026\/01\/4eme-couverture-243x300.jpg 243w\" sizes=\"auto, (max-width: 429px) 100vw, 429px\" \/><\/figure>\n<\/div>\n\n\n<p class=\"has-base-3-color has-text-color has-link-color wp-elements-6fd0f21400364dda7d3ce84a0d6f65e4\">.<\/p>\n\n\n\n<hr class=\"wp-block-separator aligncenter has-alpha-channel-opacity is-style-wide\"\/>\n\n\n\n<p class=\"has-base-3-color has-text-color has-link-color wp-elements-6fd0f21400364dda7d3ce84a0d6f65e4\">.<\/p>\n\n\n\n<h2 class=\"wp-block-heading has-text-align-center\">Le temps des broderies \u00e0 Cordes<\/h2>\n\n\n\n<figure class=\"wp-block-image size-large is-resized\"><img loading=\"lazy\" decoding=\"async\" width=\"1024\" height=\"498\" src=\"https:\/\/cordescomtat.com\/wp-content\/uploads\/2023\/06\/broderie-photo-couverture-1024x498.jpg\" alt=\"\" class=\"wp-image-232\" style=\"width:819px;height:397px\" srcset=\"https:\/\/cordescomtat.com\/wp-content\/uploads\/2023\/06\/broderie-photo-couverture-1024x498.jpg 1024w, https:\/\/cordescomtat.com\/wp-content\/uploads\/2023\/06\/broderie-photo-couverture-300x146.jpg 300w, https:\/\/cordescomtat.com\/wp-content\/uploads\/2023\/06\/broderie-photo-couverture-768x373.jpg 768w, https:\/\/cordescomtat.com\/wp-content\/uploads\/2023\/06\/broderie-photo-couverture.jpg 1276w\" sizes=\"auto, (max-width: 1024px) 100vw, 1024px\" \/><\/figure>\n\n\n\n<p class=\"has-text-align-center has-base-3-color has-text-color has-link-color wp-elements-ad6e88b1d1f6aa5361312042b27d5101\">.<\/p>\n\n\n\n<hr class=\"wp-block-separator aligncenter has-alpha-channel-opacity is-style-wide\"\/>\n\n\n\n<p class=\"has-text-align-center has-base-3-color has-text-color has-link-color wp-elements-ad6e88b1d1f6aa5361312042b27d5101\">.<\/p>\n\n\n\n<h2 class=\"wp-block-heading has-text-align-center\">Cordaises et Cordais en m\u00e9moires&#8230;<\/h2>\n\n\n<div class=\"wp-block-image\">\n<figure class=\"aligncenter size-full is-resized\"><img loading=\"lazy\" decoding=\"async\" width=\"367\" height=\"496\" src=\"https:\/\/cordescomtat.com\/wp-content\/uploads\/2023\/06\/cordais-couverture-livre.jpg\" alt=\"\" class=\"wp-image-233\" style=\"width:447px;height:604px\" srcset=\"https:\/\/cordescomtat.com\/wp-content\/uploads\/2023\/06\/cordais-couverture-livre.jpg 367w, https:\/\/cordescomtat.com\/wp-content\/uploads\/2023\/06\/cordais-couverture-livre-222x300.jpg 222w\" sizes=\"auto, (max-width: 367px) 100vw, 367px\" \/><\/figure>\n<\/div>\n\n\n<p class=\"has-base-3-color has-text-color has-link-color wp-elements-6fd0f21400364dda7d3ce84a0d6f65e4\">.<\/p>\n\n\n<div class=\"wp-block-image\">\n<figure class=\"aligncenter size-full\"><img loading=\"lazy\" decoding=\"async\" width=\"452\" height=\"611\" src=\"https:\/\/cordescomtat.com\/wp-content\/uploads\/2023\/06\/cordais-4eme-de-couv.jpg\" alt=\"\" class=\"wp-image-235\" srcset=\"https:\/\/cordescomtat.com\/wp-content\/uploads\/2023\/06\/cordais-4eme-de-couv.jpg 452w, https:\/\/cordescomtat.com\/wp-content\/uploads\/2023\/06\/cordais-4eme-de-couv-222x300.jpg 222w\" sizes=\"auto, (max-width: 452px) 100vw, 452px\" \/><\/figure>\n<\/div>\n\n\n<p class=\"has-base-3-color has-text-color has-link-color wp-elements-6fd0f21400364dda7d3ce84a0d6f65e4\">.<\/p>\n\n\n\n<hr class=\"wp-block-separator aligncenter has-alpha-channel-opacity is-style-wide\"\/>\n\n\n\n<p class=\"has-base-3-color has-text-color has-link-color wp-elements-6fd0f21400364dda7d3ce84a0d6f65e4\">.<\/p>\n\n\n<div class=\"wp-block-image\">\n<figure class=\"aligncenter size-full\"><img loading=\"lazy\" decoding=\"async\" width=\"438\" height=\"638\" src=\"https:\/\/cordescomtat.com\/wp-content\/uploads\/2023\/06\/vers-2022-couverture.jpg\" alt=\"\" class=\"wp-image-234\" srcset=\"https:\/\/cordescomtat.com\/wp-content\/uploads\/2023\/06\/vers-2022-couverture.jpg 438w, https:\/\/cordescomtat.com\/wp-content\/uploads\/2023\/06\/vers-2022-couverture-206x300.jpg 206w\" sizes=\"auto, (max-width: 438px) 100vw, 438px\" \/><\/figure>\n<\/div>\n\n\n<hr class=\"wp-block-separator aligncenter has-alpha-channel-opacity\"\/>\n\n\n\n<p class=\"has-base-3-color has-text-color has-link-color wp-elements-6fd0f21400364dda7d3ce84a0d6f65e4\">.<\/p>\n\n\n<div class=\"wp-block-image\">\n<figure class=\"aligncenter size-full is-resized\"><img loading=\"lazy\" decoding=\"async\" width=\"355\" height=\"510\" src=\"https:\/\/cordescomtat.com\/wp-content\/uploads\/2023\/06\/vers-2022-4eme-couv.jpg\" alt=\"\" class=\"wp-image-236\" style=\"width:355px;height:510px\" srcset=\"https:\/\/cordescomtat.com\/wp-content\/uploads\/2023\/06\/vers-2022-4eme-couv.jpg 355w, https:\/\/cordescomtat.com\/wp-content\/uploads\/2023\/06\/vers-2022-4eme-couv-209x300.jpg 209w\" sizes=\"auto, (max-width: 355px) 100vw, 355px\" \/><\/figure>\n<\/div>\n\n\n<p class=\"has-base-3-color has-text-color has-link-color wp-elements-6fd0f21400364dda7d3ce84a0d6f65e4\">.<\/p>\n\n\n\n<hr class=\"wp-block-separator aligncenter has-alpha-channel-opacity is-style-wide\"\/>\n\n\n\n<p class=\"has-base-3-color has-text-color has-link-color wp-elements-6fd0f21400364dda7d3ce84a0d6f65e4\">.<\/p>\n\n\n<div class=\"wp-block-image\">\n<figure class=\"aligncenter size-full is-resized\"><img loading=\"lazy\" decoding=\"async\" width=\"213\" height=\"288\" src=\"https:\/\/cordescomtat.com\/wp-content\/uploads\/2023\/06\/Cordes-ma-medievale-couv.jpg\" alt=\"\" class=\"wp-image-237\" style=\"width:309px;height:418px\"\/><\/figure>\n<\/div>\n\n\n<p class=\"has-base-3-color has-text-color has-link-color wp-elements-6fd0f21400364dda7d3ce84a0d6f65e4\">.<\/p>\n\n\n\n<hr class=\"wp-block-separator aligncenter has-alpha-channel-opacity\"\/>\n\n\n\n<p class=\"has-base-3-color has-text-color has-link-color wp-elements-6fd0f21400364dda7d3ce84a0d6f65e4\">.<\/p>\n\n\n<div class=\"wp-block-image\">\n<figure class=\"aligncenter size-full is-resized\"><img loading=\"lazy\" decoding=\"async\" width=\"224\" height=\"220\" src=\"https:\/\/cordescomtat.com\/wp-content\/uploads\/2023\/06\/petits-echos-couv.jpg\" alt=\"\" class=\"wp-image-238\" style=\"width:314px;height:308px\"\/><\/figure>\n<\/div>\n\n\n<p class=\"has-base-3-color has-text-color has-link-color wp-elements-6fd0f21400364dda7d3ce84a0d6f65e4\">.<\/p>\n\n\n\n<hr class=\"wp-block-separator aligncenter has-alpha-channel-opacity\"\/>\n\n\n\n<p class=\"has-base-3-color has-text-color has-link-color wp-elements-6fd0f21400364dda7d3ce84a0d6f65e4\">.<\/p>\n\n\n<div class=\"wp-block-image\">\n<figure class=\"aligncenter size-full is-resized\"><img loading=\"lazy\" decoding=\"async\" width=\"575\" height=\"803\" src=\"https:\/\/cordescomtat.com\/wp-content\/uploads\/2023\/06\/notice-ecole-couv-1.jpg\" alt=\"\" class=\"wp-image-240\" style=\"width:333px;height:465px\" srcset=\"https:\/\/cordescomtat.com\/wp-content\/uploads\/2023\/06\/notice-ecole-couv-1.jpg 575w, https:\/\/cordescomtat.com\/wp-content\/uploads\/2023\/06\/notice-ecole-couv-1-215x300.jpg 215w\" sizes=\"auto, (max-width: 575px) 100vw, 575px\" \/><\/figure>\n<\/div>\n\n\n<p class=\"has-base-3-color has-text-color has-link-color wp-elements-6fd0f21400364dda7d3ce84a0d6f65e4\">.<\/p>\n\n\n\n<hr class=\"wp-block-separator aligncenter has-alpha-channel-opacity\"\/>\n\n\n\n<p class=\"has-base-3-color has-text-color has-link-color wp-elements-6fd0f21400364dda7d3ce84a0d6f65e4\">.<\/p>\n\n\n<div class=\"wp-block-image\">\n<figure class=\"aligncenter size-full is-resized\"><img loading=\"lazy\" decoding=\"async\" width=\"177\" height=\"257\" src=\"https:\/\/cordescomtat.com\/wp-content\/uploads\/2023\/06\/cordes-temps-couv.jpg\" alt=\"\" class=\"wp-image-241\" style=\"width:303px;height:440px\"\/><\/figure>\n<\/div>","protected":false},"excerpt":{"rendered":"<p>. Publications r\u00e9centes et anciennes disponibles aupr\u00e8s de l&rsquo;association. . Cordes et Raimond VII . . . Le temps des broderies \u00e0 Cordes . . Cordaises et Cordais en m\u00e9moires&#8230; . . . . . . . . . . . .<\/p>\n","protected":false},"author":2,"featured_media":0,"parent":0,"menu_order":0,"comment_status":"closed","ping_status":"closed","template":"","meta":{"footnotes":""},"class_list":["post-231","page","type-page","status-publish"],"_links":{"self":[{"href":"https:\/\/cordescomtat.com\/index.php\/wp-json\/wp\/v2\/pages\/231","targetHints":{"allow":["GET"]}}],"collection":[{"href":"https:\/\/cordescomtat.com\/index.php\/wp-json\/wp\/v2\/pages"}],"about":[{"href":"https:\/\/cordescomtat.com\/index.php\/wp-json\/wp\/v2\/types\/page"}],"author":[{"embeddable":true,"href":"https:\/\/cordescomtat.com\/index.php\/wp-json\/wp\/v2\/users\/2"}],"replies":[{"embeddable":true,"href":"https:\/\/cordescomtat.com\/index.php\/wp-json\/wp\/v2\/comments?post=231"}],"version-history":[{"count":24,"href":"https:\/\/cordescomtat.com\/index.php\/wp-json\/wp\/v2\/pages\/231\/revisions"}],"predecessor-version":[{"id":754,"href":"https:\/\/cordescomtat.com\/index.php\/wp-json\/wp\/v2\/pages\/231\/revisions\/754"}],"wp:attachment":[{"href":"https:\/\/cordescomtat.com\/index.php\/wp-json\/wp\/v2\/media?parent=231"}],"curies":[{"name":"wp","href":"https:\/\/api.w.org\/{rel}","templated":true}]}}