{"id":516,"date":"2025-05-06T21:35:02","date_gmt":"2025-05-06T19:35:02","guid":{"rendered":"https:\/\/cordescomtat.com\/?page_id=516"},"modified":"2025-05-06T21:35:03","modified_gmt":"2025-05-06T19:35:03","slug":"bernard-de-cazillac-eveque-dalbi","status":"publish","type":"page","link":"https:\/\/cordescomtat.com\/index.php\/bernard-de-cazillac-eveque-dalbi\/","title":{"rendered":"Bernard de Cazillac \u00e9v\u00eaque d&rsquo;Albi"},"content":{"rendered":"\n<hr class=\"wp-block-separator aligncenter has-alpha-channel-opacity is-style-wide\"\/>\n\n\n\n<h2 class=\"wp-block-heading has-text-align-center\"><strong>Bernard de CAZILLAC \u2013 Ev\u00eaque d\u2019ALBI :<br>1434 &#8211; 1462<\/strong><\/h2>\n\n\n\n<p>Bernard de CAZILLAC, deuxi\u00e8me fils de Bernard II, baron de CAZILLAC (dans le Haut Quercy) et de Benoite de MONTFAVES dont le p\u00e8re Guillaume de MONTFAVES \u00e9tait Seigneur de NOAILLES et d\u2019ALAYRAC. Bernard est licenci\u00e9 es d\u00e9crets, pr\u00e9v\u00f4t du Chapitre d\u2019ALBI et prieur de Notre-Dame des FARGUES dans ALBI, lorsque le si\u00e8ge \u00e9piscopal de cette ville vint \u00e0 vaquer au mois de septembre 1433 par la mort de Pierre NEVEU. Bernard appartenait \u00e0 une famille qui avait fourni cinq cardinaux \u00e0 AVIGNON : Bertrand de MONTFAVES (prononcer MONTFAVEZ), des PRES de MONTPEZAT, Guillaume I, Faydit, Guillaume II d\u2019AIGREFEUILLE et qui ont contribu\u00e9s \u00e0 l\u2019\u00e9lection de sept papes avignonnais de 1316 (Jean XXII) \u00e0 1378 (Cl\u00e9ment VII).<\/p>\n\n\n<div class=\"wp-block-image\">\n<figure class=\"aligncenter size-full\"><img loading=\"lazy\" decoding=\"async\" width=\"233\" height=\"261\" src=\"https:\/\/cordescomtat.com\/wp-content\/uploads\/2025\/05\/Bernard-de-Cazillac.png\" alt=\"\" class=\"wp-image-517\"\/><figcaption class=\"wp-element-caption\">Les armes de Cazillac<\/figcaption><\/figure>\n<\/div>\n\n\n<p>Le chapitre des chanoines de Sainte C\u00e9cile d\u2019ALBI voulant user de son droit, conform\u00e9ment \u00e0 un r\u00e9cent d\u00e9cret du Concile de B\u00e2le qui r\u00e9tablissait les \u00e9lections des \u00e9v\u00eaques par les chapitres et abolissait les r\u00e9serves pontificales, \u00e9lut Bernard de CAZILLAC le 6 avril 1434 par 5 voix sur 13 (les<br>autres voix s\u2019\u00e9tant r\u00e9parties sur d\u2019autres candidats). Il fut alors se faire reconna\u00eetre et consacrer dans l\u2019\u00e9glise des Cordeliers \u00e0 B\u00e2le le 12 f\u00e9vrier 1435, par les \u00e9v\u00eaques de Lectoure et de Lausanne. L\u2019archev\u00eaque de BOURGES, consult\u00e9 par le concile, confirmera la d\u00e9cision de B\u00e2le. Mais, \u00e0 son retour, Bernard de CAZILLAC trouva un comp\u00e9titeur en la personne de Robert Dauphin. Celui-ci, de la lign\u00e9e des Dauphins d\u2019Auvergne, apparent\u00e9 aux Bourbons, d\u00e9j\u00e0 \u00e9v\u00eaque de Chartres, a la sollicitation du Roi Charles VII son cousin et fut nomm\u00e9 par le pape Eug\u00e8ne IV au m\u00eame si\u00e8ge en avril 1435 en usant du droit de r\u00e9serve bien que ce droit f\u00fbt aboli. C\u2019est ainsi qu\u2019il y eut en pr\u00e9sence deux titulaires, revendiquant chacun pour lui le droit divin, et dispos\u00e9 \u00e0 le faire triompher par la force terrestre. D\u00e9j\u00e0 l\u2019\u00e9v\u00eaque l\u00e9gitime avait re\u00e7u l\u2019ob\u00e9dience de ses dioc\u00e9sains et l\u2019hommage de ses vassaux. De retour en Albigeois au mois de juillet 1435, Bernard met \u00e0 profit une absence de Robert DAUPHIN retourn\u00e9 dans sa famille en Auvergne pour s\u2019emparer de COMBEFA et de la BERBIE.<\/p>\n\n\n<div class=\"wp-block-image\">\n<figure class=\"aligncenter size-full\"><img loading=\"lazy\" decoding=\"async\" width=\"300\" height=\"212\" src=\"https:\/\/cordescomtat.com\/wp-content\/uploads\/2025\/05\/Ruines-du-chateau-de-Combefa-81.png\" alt=\"\" class=\"wp-image-518\"\/><figcaption class=\"wp-element-caption\">Ruines du ch\u00e2teau de Combefa (81)<\/figcaption><\/figure>\n<\/div>\n\n\n<p>Aid\u00e9 de Bertrand et de Guillaume de CAZILLAC ses fr\u00e8res, des Jean et de Raymond de CAZILLAC ses neveux, d\u2019un grand nombre d\u2019autres seigneurs et de gentilshommes du Nord-Albigeois (\u00ab \u2026 Bernard de Cazillac attira \u00e0 lui beaucoup de Noblesse d\u2019Albigeois, de Quercy et de Rouergue \u2026 Bertrand et Guillaume de Casilhac, ses fr\u00e8res ; Jean et Raymond de Casilhac, fils de Bertrand ; Jean, Vicomte de Montclar ; Mathelin Seigneur de Cardaillac ; le Seigneur de Bieduer (B\u00e9duer) ; Flotard Seigneur de Bar, Chevalier ; le Seigneur de Villebrumier et Fromasis Salomon de Castairds (Castayrols ?) son fr\u00e8re ; Bernard de Tonnac ; Chiro de Monestier et ses deux fils ; le Prieur de Montclar ; Pierre et Aymard de Marsault, fr\u00e8res ; Barth\u00e9lemy d\u2019Albigeois (Albiges) Seigneur de Mailloc ; Pons du Puy Seigneur de Canhac (Cagnac) ; Lucas d\u2019H\u00e9brard Seigneur de Lacourtade (il s\u2019agit d\u2019un Ebrail ou Hebrail des Seigneurs de Tonnac, Lacourtade \u2026) ; le b\u00e2tard de Landorre ; Pierre de Broquiers (Broqui\u00e8s, Chevalier, Seigneur de Vensac ; Jean Berard (B\u00e9rail) Seigneur de Sayssac (Cessac) et de Milhars ; Pierre de Vignes, Chevalier, Seigneur de Verdier ; etc. \u2026 Ils assi\u00e9g\u00e8rent La Berbie, se rendirent ma\u00eetres de toute la ville d\u2019Albi dont ils confi\u00e8rent la garde \u00e0 Gu\u00e9rin de Lescure avec d\u00e9fense d\u2019y laisser entrer quiconque porterait des lettres du Pape ou du Roi.)<\/p>\n\n\n<div class=\"wp-block-image\">\n<figure class=\"aligncenter size-full is-resized\"><img loading=\"lazy\" decoding=\"async\" width=\"280\" height=\"187\" src=\"https:\/\/cordescomtat.com\/wp-content\/uploads\/2025\/05\/Palais-episcopal-de-la-Berbie-a-ALBI.png\" alt=\"\" class=\"wp-image-519\" style=\"width:522px;height:auto\"\/><figcaption class=\"wp-element-caption\">Palais \u00e9piscopal de la Berbie \u00e0 ALBI<\/figcaption><\/figure>\n<\/div>\n\n\n<p>Bernard de CAZILLAC vint \u00e0 bout de vaincre son rival qui avait appel\u00e9 \u00e0 son aide le fameux chef des routiers Rodrigue de VILLANDRANDO (beau-fr\u00e8re du Duc de Bourbon) \u00e0 la t\u00eate de 4 \u00e0 5 000 cavaliers. Appuy\u00e9 par des troupes royales et des s\u00e9n\u00e9chaux de Toulouse et Rouergue, Robert DAUPHIN a aussi des partisans dans Albi. Rodrigue de VILLANDRANDO avait pos\u00e9 son camp \u00e0 LESCURE et de l\u00e0 lan\u00e7ait ses routiers qui pillaient les maisons, incendiaient les moissons et violentaient les femmes. Il finit par s\u2019installer \u00e0 \u00ab l\u2019ostallaria \u00bb Saint Antoine que ses routiers vid\u00e8rent de toutes ses r\u00e9serves de lards, jambons et vins. <br>Bernard de CAZILLAC enferm\u00e9 dans le ch\u00e2teau \u00e9piscopal provoqua le si\u00e8ge de la ville par les routiers. La population albigeoise ne supporta pas les ravages caus\u00e9s par ces routiers autour d\u2019Albi et demand\u00e8rent \u00e0 Bernard de CAZILLAC de capituler et de sortir avec armes et bagages. Rodrigue de VILLANDRANDO tout arm\u00e9 et \u00e9peronn\u00e9 prit possession de la cath\u00e9drale au nom de Robert DAUPHIN. Apr\u00e8s cela, Rodrigue laisse une garnison \u00e0 ALBI et s\u2019en ira mettre le si\u00e8ge devant d\u2019autres places tenues par des partisans de CAZILLAC. <br>Bernard abandonna la ville \u00e9piscopale \u00e0 son fr\u00e8re Bertrand et alla \u00e9tablir sa r\u00e9sidence \u00e0 CORDES. <\/p>\n\n\n\n<p>Ce fut une lutte scandaleuse qui dura plusieurs ann\u00e9es et qui bouleversa une partie du Languedoc. On se battit, on assi\u00e9gea, on prit des villes, on incendia des maisons, on pilla le tr\u00e9sor de la cath\u00e9drale et celui de l\u2019\u00e9glise de FARGUES, enfin on commit tous les exc\u00e8s que la haine peut inspirer \u00e0 deux arm\u00e9es ennemies. <\/p>\n\n\n\n<p>Apr\u00e8s ces exploits, CAZILLAC court se mettre \u00e0 l\u2019abri dans l\u2019enceinte de CORDES o\u00f9 il devait compter beaucoup de partisans. <br>En 1436, Bernard de CAZILLAC et Robert DAUPHIN revendiqu\u00e8rent \u00e0 main arm\u00e9e la possession de l\u2019\u00e9v\u00each\u00e9 d\u2019ALBI sur MONTIRAT. Bernard de CAZILLAC aid\u00e9 par C. de MONESTIES et ses fils, par le chevalier Flotard seigneur de BAR en limite du Tarn et Aveyron, s\u2019empara des biens en litige. C\u2019est ainsi que MONTIRAT fut assi\u00e9g\u00e9 et pris par les adh\u00e9rents de CAZILLAC qui y plac\u00e8rent Flotard de BAR en garnison. Mais avant la fin de l\u2019ann\u00e9e, Robert DAUPHIN appela le chef des routiers Rodrigue de VILLANDRANDO et celui-ci se pr\u00e9senta devant MONTIRAT. Flotard de BAR, somm\u00e9 de rendre la forteresse, ayant d\u00e9daign\u00e9 les menaces de Rodrigue, eut sa terre mise \u00e0 feu et \u00e0 sang et perdit son ch\u00e2teau de BAR (Moular\u00e8s). Afin de mettre un terme \u00e0 la lutte des deux \u00e9v\u00eaques, le roi \u00e9tant \u00e0 MONTPELLIER ordonna \u00e0 ses s\u00e9n\u00e9chaux au mois de mars 1437, de se saisir des forteresses occup\u00e9es par les partisans de CAZILLAC et notamment de celles de CORDES, COMBEFA et MONTIRAT. L\u2019arm\u00e9e royale arriva en cons\u00e9quence devant cette derni\u00e8re place le 1er mai, et le s\u00e9n\u00e9chal de Rouergue Guillaut d\u2019ESTAING, emporta d\u2019assaut le 3 mai 1437 apr\u00e8s 3 mois de si\u00e8ge. FLOTARD perdit son ch\u00e2teau de BAR qui devint un repaire de plus pour les routiers. <\/p>\n\n\n\n<p>En 1437, la vierge d\u2019argent dor\u00e9 de FARGUES sert \u00e0 gager un emprunt demand\u00e9 par les consuls d\u2019Albi et destin\u00e9 \u00e0 payer trente-quatre pi\u00e8ces de drap qu\u2019on avait achet\u00e9 pour v\u00eatir les routiers de Rodrigue de Villandrando. <\/p>\n\n\n\n<p>Bernard de CAZILLAC et son fr\u00e8re Bertrand recrut\u00e8rent un autre contingent de routiers Gascons sous le commandement du seigneur de LACOSTE avec lesquels ils prirent la forteresse eccl\u00e9siastique de COMBEFA et apr\u00e8s avoir d\u00e9vast\u00e9 les environs, all\u00e8rent jusqu\u2019\u00e0 piller le tronc de Sainte C\u00e9cile d\u2019Albi. <br>Bertrand fut d\u00e9sign\u00e9 par son fr\u00e8re commandant militaire de la d\u00e9fense d\u2019ALBI. <br>Confiant de son succ\u00e8s, Bernard de CAZILLAC reprit le chemin de CORDES, sa r\u00e9sidence habituelle. Mais la ville de CORDES fut \u00e0 son tour maltrait\u00e9e. Les consuls oubli\u00e8rent les lois de l\u2019hospitalit\u00e9 et laiss\u00e8rent p\u00e9n\u00e9trer dans leurs murs, au milieu d\u2019une nuit, quarante gens d\u2019armes compos\u00e9s de routiers de Rodrigue de VILLANDRANDO et d\u2019aventuriers Ecossais. CAZILLAC surpris s\u2019\u00e9vada en chemise, son grand vicaire fut pris et le ch\u00e2teau ainsi que les maisons furent saccag\u00e9es pour compenser la non attribution de la ran\u00e7on promise. Charles VII accordait le 30 avril 1437, des lettres d\u2019abolition aux habitants de CORDES qui avaient pris fait et cause pour CAZILLAC. <br>Robert DAUPHIN avec l\u2019appui des forces royales, des s\u00e9n\u00e9chaux du Rouergue, de Toulouse et de Carcassonne recouvre la ville \u00e9piscopale et ses pr\u00e9rogatives en 1437. Au cours des luttes qui mettent aux prises les gens d\u2019armes des deux partis autour de la Berbie, la cath\u00e9drale romane qui se dresse entre le ch\u00e2teau des \u00e9v\u00eaques et la vieille cath\u00e9drale est d\u00e9truite. <br>Apr\u00e8s le conflit arm\u00e9, s\u2019op\u00e8re le recours \u00e0 la justice afin de faire reconna\u00eetre le droit \u00e9lectoral des chapitres. Il fallut l\u2019intervention du Parlement de Paris pour mettre fin \u00e0 ces hostilit\u00e9s. A partir d\u2019avril 1437 l\u2019avocat Jean LUILLIER prit en main la d\u00e9fense de Bernard et gagna l\u2019opinion publique. Le Parlement mit longtemps \u00e0 prendre une d\u00e9cision. Deux arr\u00eats, non d\u00e9finitifs, furent rendus comme favorable \u00e0 Bernard de CAZILLAC les 23 mars et 15 juillet 1439. Le schisme \u00e9clatait alors au sein de l\u2019\u00e9glise. En 1440 le Parlement d\u00e9clara n\u2019avoir entendu en rien par ces deux premi\u00e8res d\u00e9cisions, pr\u00e9juger en rien sur les droits contest\u00e9s ; il ordonna d\u2019ob\u00e9ir \u00e0 Robert DAUPHIN jusqu\u2019au jugement d\u00e9finitif. L\u2019\u00e9v\u00each\u00e9 d\u2019ALBI fut mis sous s\u00e9questre et deux Pr\u00e9sidents du Parlement vinrent en prendre possession au nom du Roi et on confia l\u2019administration spirituelle \u00e0 l\u2019\u00e9v\u00eaque de LAVAUR. <\/p>\n\n\n\n<p>Robert DAUPHIN resta en possession paisible de sa fonction pendant 18 ans et le pape nommait le 26 janvier 1453 par mesure de pacification, Bernard CAZILLAC au si\u00e8ge de LODEVE. <br>Les CAZILLAC \u00e9taient ruin\u00e9s et durent emprunter aupr\u00e8s de Jean de PRADAL, riche bourgeois d\u2019ALBI. Enfin le Parlement publia les arr\u00eats d\u00e9finitifs en faveur de Bernard de CAZILLAC en 1454 et 1456 et qui l\u2019autorisa enfin d\u2019officier le 1er novembre 1455 \u00e0 Sainte C\u00e9cile. <br>Le pape CALIXTE permit \u00e0 Bernard de disposer de ses biens par une bulle de l\u2019an 1458.<\/p>\n\n\n<div class=\"wp-block-image\">\n<figure class=\"aligncenter size-full\"><img loading=\"lazy\" decoding=\"async\" width=\"550\" height=\"474\" src=\"https:\/\/cordescomtat.com\/wp-content\/uploads\/2025\/05\/Cathedrale-de-Lodeve.png\" alt=\"\" class=\"wp-image-520\" srcset=\"https:\/\/cordescomtat.com\/wp-content\/uploads\/2025\/05\/Cathedrale-de-Lodeve.png 550w, https:\/\/cordescomtat.com\/wp-content\/uploads\/2025\/05\/Cathedrale-de-Lodeve-300x259.png 300w\" sizes=\"auto, (max-width: 550px) 100vw, 550px\" \/><\/figure>\n<\/div>\n\n\n<p><br>Robert DAUPHIN se retira, fit une instance devant le Parlement et fut condamn\u00e9 par un nouvel arr\u00eat\u00e9 du 1er avril 1461. Il d\u00e9c\u00e8dera en octobre 1461 \u00e0 BRIOUDE pr\u00e8s de BRIVE o\u00f9 il s\u2019\u00e9tait retir\u00e9.<\/p>\n\n\n\n<p>Bernard CAZILLAC est enfin reconnu par le Pape Pie II en avril et le 12 octobre 1461.<\/p>\n\n\n\n<p>Il ne jouit pas longtemps de son \u00e9v\u00each\u00e9, mourut le 12 novembre 1462 et fut inhum\u00e9 dans le c\u0153ur de la nouvelle cath\u00e9drale devant le ma\u00eetre autel. En 1831 il fut proc\u00e9d\u00e9 au remplacement du parquet de ch\u00eane du ch\u0153ur par un dallage de marbre qui a entra\u00een\u00e9 la disparition de plusieurs pierres tombales dont celle de Bernard de CAZILLAC\u2026<br>C\u2019est Bernard de CAZILLAC qui posa le 3 mars 1460 la premi\u00e8re pierre de l\u2019agrandissement de l\u2019\u00e9glise Saint Michel de CORDES et y mit un \u00e9cu.<\/p>\n\n\n<div class=\"wp-block-image\">\n<figure class=\"aligncenter size-full\"><img loading=\"lazy\" decoding=\"async\" width=\"276\" height=\"367\" src=\"https:\/\/cordescomtat.com\/wp-content\/uploads\/2025\/05\/Clary10.jpg\" alt=\"\" class=\"wp-image-521\" srcset=\"https:\/\/cordescomtat.com\/wp-content\/uploads\/2025\/05\/Clary10.jpg 276w, https:\/\/cordescomtat.com\/wp-content\/uploads\/2025\/05\/Clary10-226x300.jpg 226w\" sizes=\"auto, (max-width: 276px) 100vw, 276px\" \/><\/figure>\n<\/div>\n\n\n<p><br>L\u2019\u00e9glise prit un aspect militaire sous un clocher octogonal \u00e0souche carr\u00e9e plus \u00e9lev\u00e9e que la nef. Le plan s\u2019inspire deSainte C\u00e9cile avec nef \u00e0 4 trav\u00e9es et chapelles am\u00e9nag\u00e9esdans les contreforts int\u00e9rieurs.<\/p>\n\n\n\n<p><strong>\u00c9pilogue :<\/strong><\/p>\n\n\n\n<p><br>Cette histoire sur une p\u00e9riode de 24 ans, illustre les conflitsentre le Pape, les clercs et le roi pour le pouvoir dansl\u2019\u00e9glise au XV\u00e8me si\u00e8cle. Elle marque aussi l\u2019antagonismede la petite aristocratie locale et de la noblesse \u00ab d\u2019Etat \u00bb \u00e0la fin du Moyen Age.<br>Cette victoire de la noblesse locale ne se renouvellera pasensuite, car l\u2019\u00e9v\u00each\u00e9 d\u2019Albi demeurera constammentr\u00e9serv\u00e9 aux membres des grandes familles de la cour et les\u00e9v\u00eaques seront propos\u00e9s au Pape par le Roi. Les albigeoisdevront d\u00e9sormais se soumettre \u00e0 leur seigneur-\u00e9v\u00eaquedont le si\u00e8ge est parmi les plus riches du royaume. (la d\u00eeme du safran et du pastel va amplifier la richesse de l\u2019\u00e9v\u00each\u00e9 \u00e0partir de 1465).Le conflit arm\u00e9 qui opposa les deux pr\u00e9lats pour le si\u00e8ge\u00e9piscopal d\u2019Albi conduisit au manque d\u2019entretien de l\u2019\u00e9v\u00each\u00e9et Mgr JOUFFROY, successeur, fit d\u00e9molir l\u2019anciennecath\u00e9drale romane Sainte-C\u00e9cile \u00e0 l\u2019int\u00e9rieur de la Berbie.L\u2019existence de l\u2019ancienne cath\u00e9drale et de son clo\u00eetre s\u2019estprolong\u00e9e \u00e0 travers tout le 14e Si\u00e8cle. Vers 1400, l\u2019\u00e9v\u00eaqueDominique de Florence prononce la fusion de la personnalit\u00e9des deux cath\u00e9drales.Dans les ann\u00e9es 1434-1437, la ruine de cet ensemble pr\u00e9-gothique est provoqu\u00e9e par les routiers \u00e0 la solde des deux\u00e9v\u00eaques concurrents et ennemis. Bernard de Casilhac serend ma\u00eetre du clo\u00eetre et deux \u00e9glises alors que RobertDauphin accapare le palais de la Berbie.Cette situation entrainera l\u2019abandon de la vieille cath\u00e9drale,d\u2019autant que la nouvelle est termin\u00e9e et que la crise desrevenus eccl\u00e9siastiques nuit au rel\u00e8vement de l\u2019anciennecath\u00e9drale. Ce qui demeurait apr\u00e8s cet \u00e9v\u00e8nement estapparemment ras\u00e9 \u00e0 l\u2019\u00e9poque de la Ligue et au moment o\u00f9est \u00e9tablie dans ce secteur une plateforme avec des pi\u00e8cesd\u2019artillerie.<\/p>\n\n\n\n<p><strong>Rodrigue de VILLANDRANDO dans la vall\u00e9e du Viaur:<\/strong><\/p>\n\n\n\n<p><br>Admis vers 1410, en France, dans la compagnie de Amauryde S\u00e9verac, il se fit lui-m\u00eame capitaine des routiers,v\u00e9ritables mercenaires \u00e0 la solde de s\u00e9n\u00e9chaux, depuissants seigneurs ou puissants \u00e9v\u00eaques.<br>La guerre de Cent Ans, marqu\u00e9e \u00e0 l\u2019origine par de gravesrevers des troupes fran\u00e7aises c\u00e8de peu \u00e0 peu \u00e0 une guerred\u2019usure. Les finances du Royaume ne permettent plus depayer la solde des arm\u00e9es et les troupes se disloquent enformant des bandes sans foi ni loi qui mettent les territoiresqu\u2019ils traversent au pillage.<br>Ces bandes sont un v\u00e9ritable ramassis d\u2019apatridesEspagnols, Allemands, Flamands, Gallois, Italiens, Gascons et Fran\u00e7ais qui vont semer la terreur dans tout le paysdurant pr\u00e8s d\u2019un si\u00e8cle. A la mort de son protecteur en1427, il accrut ses forces et se mit au service de CharlesVII. On trouve un de ses campements au ch\u00e2teau deLescure pr\u00e8s d\u2019Albi.<br>En 1433, disposant de 10 000 hommes il est \u00e0 l\u2019apog\u00e9e desa puissance. Sa bande est constitu\u00e9e de mercenaires, enguenilles, sans scrupules, sanguinaires, violeurs et noceurs,attir\u00e9s par la jouissance et l\u2019app\u00e2t du gain.<br>En 1433 il s\u2019empare du ch\u00e2teau de Lagarde Viaur qu\u2019ilrestitue apr\u00e8s le payement d\u2019une forte ran\u00e7on.<br>En 1436 il investit celui de Montirat occup\u00e9 par le seigneurde BAR et apr\u00e8s avoir d\u00e9truit le ch\u00e2teau se dirige vers celuide Roum\u00e9gous qu\u2019il va assi\u00e9ger. Remontant le Viaur ilprend le ch\u00e2teau de Thuri\u00e8s puis s\u2019empare de la r\u00e9sidenced\u2019\u00e9t\u00e9 des \u00e9v\u00eaques de Rodez \u00e0 Salles-Curan.<\/p>\n\n\n<div class=\"wp-block-image\">\n<figure class=\"aligncenter size-full\"><img loading=\"lazy\" decoding=\"async\" width=\"600\" height=\"450\" src=\"https:\/\/cordescomtat.com\/wp-content\/uploads\/2025\/05\/Residence-des-eveques-de-SALLES-CURAN-12.png\" alt=\"\" class=\"wp-image-522\" srcset=\"https:\/\/cordescomtat.com\/wp-content\/uploads\/2025\/05\/Residence-des-eveques-de-SALLES-CURAN-12.png 600w, https:\/\/cordescomtat.com\/wp-content\/uploads\/2025\/05\/Residence-des-eveques-de-SALLES-CURAN-12-300x225.png 300w\" sizes=\"auto, (max-width: 600px) 100vw, 600px\" \/><\/figure>\n<\/div>\n\n\n<p>Rodrigue de Villandrando, sans foi ni loi, terminera sa sinistre \u00e9pop\u00e9e le long du Viaur au village de La Clau aux sources de la rivi\u00e8re.<\/p>\n\n\n<div class=\"wp-block-image\">\n<figure class=\"aligncenter size-full\"><img loading=\"lazy\" decoding=\"async\" width=\"633\" height=\"584\" src=\"https:\/\/cordescomtat.com\/wp-content\/uploads\/2025\/05\/chateau-de-Thuries-81.png\" alt=\"\" class=\"wp-image-523\" srcset=\"https:\/\/cordescomtat.com\/wp-content\/uploads\/2025\/05\/chateau-de-Thuries-81.png 633w, https:\/\/cordescomtat.com\/wp-content\/uploads\/2025\/05\/chateau-de-Thuries-81-300x277.png 300w\" sizes=\"auto, (max-width: 633px) 100vw, 633px\" \/><\/figure>\n<\/div>\n\n\n<p><strong>Que s\u2019est-il pass\u00e9 en Europe \u00e0 cette \u00e9poque :<\/strong><\/p>\n\n\n\n<p><br>Les Anglais occupent le QUERCY jusqu\u2019en 1444 ce quiexplique la pr\u00e9sence des CAZILLAC \u00e0 NOAILLES comme desCESSAC \u00e0 MILHARS ainsi que la pr\u00e9sence des bandes deroutiers jusqu\u2019en 1439.Fin de la guerre de cent ans en juillet 1453.<\/p>\n\n\n\n<p>BRUGES en FLANDRE est en 1434 un port et un centre\u00e9conomique, politique, artistique, intellectuel reconnu danstoute l\u2019Europe.<br>Le d\u00e9veloppement de la bourgeoisie et de l\u2019espritmarchand annonce l\u2019\u00e8re de l\u2019humanisme qui affranchira enpartie l\u2019homme de sa crainte de Dieu. Dans les sciences, la Raison et l\u2019arithm\u00e9tique s\u2019opposent \u00e0 pr\u00e9sent au dogmereligieux et aux croyances comme en t\u00e9moigne la cr\u00e9ation des premi\u00e8res horloges m\u00e9caniques.<br>Suite au concile de B\u00e2le en 1434 et \u00e0 une assembl\u00e9e destrois ordres tenue \u00e0 Bourges en 1438, une ordonnance de Charles VII r\u00e9tablit l\u2019\u00e9lection des \u00e9v\u00eaques et abolit les r\u00e9serves du pape. Le roi reconna\u00eet la sup\u00e9riorit\u00e9 des conciles g\u00e9n\u00e9raux au-dessus du pape. (Cette disposition sera reprise en 1790 par les r\u00e9volutionnaires qui \u00e9tabliront une constitution civile du clerg\u00e9.<br>Entre temps un concordat entre le pape L\u00e9on X et Fran\u00e7ois Ien 1516 redonnera au roi la nomination des \u00e9v\u00eaques du royaume, et au pape le droit de pr\u00e9vention. ).<br>En 1439 Charles VII instaura une arm\u00e9e royale pour la s\u00e9curit\u00e9 de la France en mettant fin aux compagnies deroutiers \u00e0 la solde des comtes, des \u00e9v\u00eaques, des s\u00e9n\u00e9chaux ou intendants.<br>En 1450 Gutemberg d\u00e9couvre l\u2019imprimerie et la Bible sera imprim\u00e9e.<br>En 1462, le successeur de CAZILLAC, le cardinal Jean JOUFFROY rapportera de ROME les reliques de SainteCECILE. Il fera installer une premi\u00e8re imprimerie \u00e0 Albi.<\/p>\n\n\n\n<p>Cette \u00e9poque voit le d\u00e9but du d\u00e9veloppement de la culture du pastel qui va conna\u00eetre le succ\u00e8s que l\u2019on conna\u00eet au d\u00e9but du XVI\u00e8me si\u00e8cle.<\/p>\n\n\n\n<p>Ref : Viaur secret de Michel LOMBARD \u2013 Le myst\u00e8re de la pierre grav\u00e9e.<br>\u2013<br>Topographie fun\u00e9raire de la cath\u00e9drale Sainte C\u00e9cile \u2013 C\u00e9line<br>Vanacker et Matthieu Desachy \u2013 Foi Art et Culture en pays tarnais \u2013<br>Presse du Centre universitaire Champollion \u2013 2009<br>\u2013<br>J. QUICHERAT &#8211; Rodrigue de VILLANDRANDO<\/p>\n\n\n\n<p class=\"has-text-align-right\"><strong>Jean-Paul MARION<\/strong><br>Avril 2013<\/p>\n","protected":false},"excerpt":{"rendered":"<p>Bernard de CAZILLAC \u2013 Ev\u00eaque d\u2019ALBI :1434 &#8211; 1462 Bernard de CAZILLAC, deuxi\u00e8me fils de Bernard II, baron de CAZILLAC (dans le Haut Quercy) et de Benoite de MONTFAVES dont le p\u00e8re Guillaume de MONTFAVES \u00e9tait Seigneur de NOAILLES et d\u2019ALAYRAC. Bernard est licenci\u00e9 es d\u00e9crets, pr\u00e9v\u00f4t du Chapitre d\u2019ALBI et prieur de Notre-Dame des &#8230; <a title=\"Bernard de Cazillac \u00e9v\u00eaque d&rsquo;Albi\" class=\"read-more\" href=\"https:\/\/cordescomtat.com\/index.php\/bernard-de-cazillac-eveque-dalbi\/\" aria-label=\"En savoir plus sur Bernard de Cazillac \u00e9v\u00eaque d&rsquo;Albi\">Lire la suite<\/a><\/p>\n","protected":false},"author":1,"featured_media":0,"parent":0,"menu_order":0,"comment_status":"closed","ping_status":"closed","template":"","meta":{"footnotes":""},"class_list":["post-516","page","type-page","status-publish"],"_links":{"self":[{"href":"https:\/\/cordescomtat.com\/index.php\/wp-json\/wp\/v2\/pages\/516","targetHints":{"allow":["GET"]}}],"collection":[{"href":"https:\/\/cordescomtat.com\/index.php\/wp-json\/wp\/v2\/pages"}],"about":[{"href":"https:\/\/cordescomtat.com\/index.php\/wp-json\/wp\/v2\/types\/page"}],"author":[{"embeddable":true,"href":"https:\/\/cordescomtat.com\/index.php\/wp-json\/wp\/v2\/users\/1"}],"replies":[{"embeddable":true,"href":"https:\/\/cordescomtat.com\/index.php\/wp-json\/wp\/v2\/comments?post=516"}],"version-history":[{"count":1,"href":"https:\/\/cordescomtat.com\/index.php\/wp-json\/wp\/v2\/pages\/516\/revisions"}],"predecessor-version":[{"id":524,"href":"https:\/\/cordescomtat.com\/index.php\/wp-json\/wp\/v2\/pages\/516\/revisions\/524"}],"wp:attachment":[{"href":"https:\/\/cordescomtat.com\/index.php\/wp-json\/wp\/v2\/media?parent=516"}],"curies":[{"name":"wp","href":"https:\/\/api.w.org\/{rel}","templated":true}]}}