{"id":527,"date":"2025-05-06T21:37:22","date_gmt":"2025-05-06T19:37:22","guid":{"rendered":"https:\/\/cordescomtat.com\/?page_id=527"},"modified":"2025-05-06T21:37:22","modified_gmt":"2025-05-06T19:37:22","slug":"un-moulin-disparu","status":"publish","type":"page","link":"https:\/\/cordescomtat.com\/index.php\/un-moulin-disparu\/","title":{"rendered":"Un moulin disparu"},"content":{"rendered":"\n<p>Sur le C\u00e9rou, un moulin aujourd&rsquo;hui en ruine a fonctionn\u00e9 jusqu&rsquo;aux inondations catastrophiques de mars 1930.<\/p>\n\n\n\n<p>Nomm\u00e9 \u00a0\u00bb moulin de la Dague\u00a0\u00bb il poss\u00e9dait 3 meules \u00e0 bl\u00e9.<\/p>\n\n\n\n<p>(lire l&rsquo;article complet dans la Revue de juillet 2018)<\/p>\n\n\n<div class=\"wp-block-image\">\n<figure class=\"aligncenter size-full\"><img loading=\"lazy\" decoding=\"async\" width=\"800\" height=\"710\" src=\"https:\/\/cordescomtat.com\/wp-content\/uploads\/2025\/05\/la-dague-3.jpg\" alt=\"\" class=\"wp-image-528\" srcset=\"https:\/\/cordescomtat.com\/wp-content\/uploads\/2025\/05\/la-dague-3.jpg 800w, https:\/\/cordescomtat.com\/wp-content\/uploads\/2025\/05\/la-dague-3-300x266.jpg 300w, https:\/\/cordescomtat.com\/wp-content\/uploads\/2025\/05\/la-dague-3-768x682.jpg 768w\" sizes=\"auto, (max-width: 800px) 100vw, 800px\" \/><\/figure>\n<\/div>","protected":false},"excerpt":{"rendered":"<p>Sur le C\u00e9rou, un moulin aujourd&rsquo;hui en ruine a fonctionn\u00e9 jusqu&rsquo;aux inondations catastrophiques de mars 1930. Nomm\u00e9 \u00a0\u00bb moulin de la Dague\u00a0\u00bb il poss\u00e9dait 3 meules \u00e0 bl\u00e9. (lire l&rsquo;article complet dans la Revue de juillet 2018)<\/p>\n","protected":false},"author":1,"featured_media":0,"parent":0,"menu_order":0,"comment_status":"closed","ping_status":"closed","template":"","meta":{"footnotes":""},"class_list":["post-527","page","type-page","status-publish"],"_links":{"self":[{"href":"https:\/\/cordescomtat.com\/index.php\/wp-json\/wp\/v2\/pages\/527","targetHints":{"allow":["GET"]}}],"collection":[{"href":"https:\/\/cordescomtat.com\/index.php\/wp-json\/wp\/v2\/pages"}],"about":[{"href":"https:\/\/cordescomtat.com\/index.php\/wp-json\/wp\/v2\/types\/page"}],"author":[{"embeddable":true,"href":"https:\/\/cordescomtat.com\/index.php\/wp-json\/wp\/v2\/users\/1"}],"replies":[{"embeddable":true,"href":"https:\/\/cordescomtat.com\/index.php\/wp-json\/wp\/v2\/comments?post=527"}],"version-history":[{"count":1,"href":"https:\/\/cordescomtat.com\/index.php\/wp-json\/wp\/v2\/pages\/527\/revisions"}],"predecessor-version":[{"id":529,"href":"https:\/\/cordescomtat.com\/index.php\/wp-json\/wp\/v2\/pages\/527\/revisions\/529"}],"wp:attachment":[{"href":"https:\/\/cordescomtat.com\/index.php\/wp-json\/wp\/v2\/media?parent=527"}],"curies":[{"name":"wp","href":"https:\/\/api.w.org\/{rel}","templated":true}]}}