{"id":539,"date":"2025-05-06T21:44:40","date_gmt":"2025-05-06T19:44:40","guid":{"rendered":"https:\/\/cordescomtat.com\/?page_id=539"},"modified":"2025-05-06T21:44:40","modified_gmt":"2025-05-06T19:44:40","slug":"la-rose-de-saint-michel","status":"publish","type":"page","link":"https:\/\/cordescomtat.com\/index.php\/la-rose-de-saint-michel\/","title":{"rendered":"La Rose de Saint-Michel"},"content":{"rendered":"\n<hr class=\"wp-block-separator aligncenter has-alpha-channel-opacity is-style-wide\"\/>\n\n\n<div class=\"wp-block-image\">\n<figure class=\"aligncenter size-full\"><img loading=\"lazy\" decoding=\"async\" width=\"442\" height=\"600\" src=\"https:\/\/cordescomtat.com\/wp-content\/uploads\/2025\/05\/La-Rose-de-Saint-Michel.jpg\" alt=\"\" class=\"wp-image-540\" srcset=\"https:\/\/cordescomtat.com\/wp-content\/uploads\/2025\/05\/La-Rose-de-Saint-Michel.jpg 442w, https:\/\/cordescomtat.com\/wp-content\/uploads\/2025\/05\/La-Rose-de-Saint-Michel-221x300.jpg 221w\" sizes=\"auto, (max-width: 442px) 100vw, 442px\" \/><\/figure>\n<\/div>\n\n\n<p>Ce livret, \u00e9crit par V\u00e9ronique GAUMONT, musicienne et conteuse, propose une approche particuli\u00e8re de l&rsquo;histoire et des significations possibles de la rosace de l&rsquo;\u00e9glise Saint-Michel de CORDES SUR CIEL.<\/p>\n\n\n\n<p>Elle interpr\u00e8te le sens de cette rose, dont les rois musiciens vous invitent \u00e0 un voyage in\u00e9dit dans le temps et l&rsquo;esprit des hommes.<\/p>\n\n\n\n<p>Livret format 21X15, en quadrichromie, disponible aupr\u00e8s de l&rsquo;association (12\u20ac)<\/p>\n","protected":false},"excerpt":{"rendered":"<p>Ce livret, \u00e9crit par V\u00e9ronique GAUMONT, musicienne et conteuse, propose une approche particuli\u00e8re de l&rsquo;histoire et des significations possibles de la rosace de l&rsquo;\u00e9glise Saint-Michel de CORDES SUR CIEL. Elle interpr\u00e8te le sens de cette rose, dont les rois musiciens vous invitent \u00e0 un voyage in\u00e9dit dans le temps et l&rsquo;esprit des hommes. Livret format &#8230; <a title=\"La Rose de Saint-Michel\" class=\"read-more\" href=\"https:\/\/cordescomtat.com\/index.php\/la-rose-de-saint-michel\/\" aria-label=\"En savoir plus sur La Rose de Saint-Michel\">Lire la suite<\/a><\/p>\n","protected":false},"author":1,"featured_media":0,"parent":0,"menu_order":0,"comment_status":"closed","ping_status":"closed","template":"","meta":{"footnotes":""},"class_list":["post-539","page","type-page","status-publish"],"_links":{"self":[{"href":"https:\/\/cordescomtat.com\/index.php\/wp-json\/wp\/v2\/pages\/539","targetHints":{"allow":["GET"]}}],"collection":[{"href":"https:\/\/cordescomtat.com\/index.php\/wp-json\/wp\/v2\/pages"}],"about":[{"href":"https:\/\/cordescomtat.com\/index.php\/wp-json\/wp\/v2\/types\/page"}],"author":[{"embeddable":true,"href":"https:\/\/cordescomtat.com\/index.php\/wp-json\/wp\/v2\/users\/1"}],"replies":[{"embeddable":true,"href":"https:\/\/cordescomtat.com\/index.php\/wp-json\/wp\/v2\/comments?post=539"}],"version-history":[{"count":1,"href":"https:\/\/cordescomtat.com\/index.php\/wp-json\/wp\/v2\/pages\/539\/revisions"}],"predecessor-version":[{"id":541,"href":"https:\/\/cordescomtat.com\/index.php\/wp-json\/wp\/v2\/pages\/539\/revisions\/541"}],"wp:attachment":[{"href":"https:\/\/cordescomtat.com\/index.php\/wp-json\/wp\/v2\/media?parent=539"}],"curies":[{"name":"wp","href":"https:\/\/api.w.org\/{rel}","templated":true}]}}