{"id":560,"date":"2025-05-06T22:00:57","date_gmt":"2025-05-06T20:00:57","guid":{"rendered":"https:\/\/cordescomtat.com\/?page_id=560"},"modified":"2025-05-06T22:00:57","modified_gmt":"2025-05-06T20:00:57","slug":"la-caselle-de-bournazel","status":"publish","type":"page","link":"https:\/\/cordescomtat.com\/index.php\/la-caselle-de-bournazel\/","title":{"rendered":"la caselle de Bournazel"},"content":{"rendered":"\n<hr class=\"wp-block-separator aligncenter has-alpha-channel-opacity is-style-wide\"\/>\n\n\n<div class=\"wp-block-image\">\n<figure class=\"aligncenter size-full\"><img loading=\"lazy\" decoding=\"async\" width=\"800\" height=\"597\" src=\"https:\/\/cordescomtat.com\/wp-content\/uploads\/2025\/05\/la-caselle-de-Bournazel.jpg\" alt=\"\" class=\"wp-image-561\" srcset=\"https:\/\/cordescomtat.com\/wp-content\/uploads\/2025\/05\/la-caselle-de-Bournazel.jpg 800w, https:\/\/cordescomtat.com\/wp-content\/uploads\/2025\/05\/la-caselle-de-Bournazel-300x224.jpg 300w, https:\/\/cordescomtat.com\/wp-content\/uploads\/2025\/05\/la-caselle-de-Bournazel-768x573.jpg 768w\" sizes=\"auto, (max-width: 800px) 100vw, 800px\" \/><\/figure>\n<\/div>\n\n\n<p><strong><em>La caselle de BOURNAZEL<\/em><\/strong><\/p>\n\n\n\n<p>Les caselles sont des <a href=\"http:\/\/fr.wikipedia.org\/wiki\/Cabane_en_pierre_s%C3%A8che\">cabanes en pierre s\u00e8che<\/a>, de taille variable, servant autrefois d&rsquo;abri pour les humains ou les animaux ou de resserre-\u00e0-outils&nbsp;; on les trouve surtout dans le haut <a href=\"http:\/\/fr.wikipedia.org\/wiki\/Quercy\">Quercy<\/a> en particulier dans les <a href=\"http:\/\/fr.wikipedia.org\/wiki\/Causse\">causses<\/a> au nord de la vall\u00e9e du Lot (causse de Gramat). Elles sont appel\u00e9es \u00ab&nbsp;bories&nbsp;\u00bb dans le Vaucluse.<\/p>\n\n\n\n<p>Mais on en trouve aussi dans notre r\u00e9gion, en particulier il en existe une magnifique sur le causse de Bournazel, pr\u00e8s du ch\u00e2teau de Boisse, propri\u00e9t\u00e9 de Claude PELRAS.<\/p>\n\n\n\n<p><strong><em>Origine du terme et extension g\u00e9ographique<\/em><\/strong><\/p>\n\n\n\n<p><em>Caselle<\/em> ou <em>cas\u00e8le<\/em>, est une forme francis\u00e9e du quercinois <em>cas\u00e8lo<\/em> (occitan normalis\u00e9 <em>cas\u00e8la<\/em>). Le terme se rencontre aussi en Loz\u00e8re sur le <a href=\"http:\/\/fr.wikipedia.org\/wiki\/Causse_M%C3%A9jean\">causse M\u00e9jean<\/a> occidental, et sur le <a href=\"http:\/\/fr.wikipedia.org\/wiki\/Causse_de_Sauveterre\">causse de Sauveterre<\/a> ;dans l&rsquo;Aveyron, le <a href=\"http:\/\/fr.wikipedia.org\/wiki\/Causse_Comtal\">causse Comtal<\/a> et le <a href=\"http:\/\/fr.wikipedia.org\/wiki\/Causse_Rouge\">causse Rouge<\/a>; dans l&rsquo;H\u00e9rault sur la continuation du <a href=\"http:\/\/fr.wikipedia.org\/wiki\/Causse_du_Larzac\">causse du Larzac<\/a>&nbsp;: les communes du Cros et de Saint-Michel&nbsp; de Soub\u00e8s et &nbsp;de Sigean; la forme palatalis\u00e9e <em>chaselle<\/em> \/ <em>chas\u00e8le<\/em> a cours en Loz\u00e8re sur le causse M\u00e9jean oriental et sur le causse de Sauveterre.<\/p>\n\n\n\n<p><sup>[]<\/sup>Le terme <em>cas\u00e8lo<\/em> d\u00e9signe les \u00e9difices de plan circulaire ou quadrangulaire \u00e0 toit conique de lauses sur vo\u00fbte encorbell\u00e9e.<\/p>\n\n\n\n<p>Cependant, certains auteurs ont embrouill\u00e9 la situation terminologique en appliquant syst\u00e9matiquement et indistinctement la francisation <em>caselle<\/em> non seulement aux gu\u00e9rites de murailles (ou <a href=\"http:\/\/fr.wikipedia.org\/wiki\/Gariotte\">gariottes<\/a>) et aux cabanes en pierre s\u00e8che mais aussi \u00e0 des b\u00e2timents en ma\u00e7onnerie li\u00e9e au mortier et d&rsquo;un niveau plus \u00e9lev\u00e9 dans la hi\u00e9rarchie architecturale.<\/p>\n\n\n\n<p>Le vocable <em>cabano<\/em> (occitan normalis\u00e9 <em>cabana<\/em>) appartient au sud de la vall\u00e9e du Lot, o\u00f9 il d\u00e9signe toute cabane en pierre s\u00e8che, \u00e0 l\u2019exception de la gu\u00e9rite rudimentaire.<\/p>\n\n\n\n<p><sup>[]<\/sup>Son \u00e9quivalent fran\u00e7ais, <em>cabane<\/em>, suivi du qualificatif \u00ab&nbsp;de <a href=\"http:\/\/fr.wikipedia.org\/wiki\/Pierre_s%C3%A8che\">pierre s\u00e8che<\/a>&nbsp;\u00bb, poss\u00e8de une valeur g\u00e9n\u00e9rique.<\/p>\n\n\n\n<p>Il convient par ailleurs de noter que les constructeurs et propri\u00e9taires des b\u00e2timents en pierre s\u00e8che n&#8217;employaient pas n\u00e9cessairement <em>cas\u00e8lo<\/em> ou <em>cabano<\/em>&nbsp;: ils recouraient aussi \u00e0 des d\u00e9signatifs fonctionnels&nbsp;: poulailler (<em>galini\u00e8r<\/em>, lorsqu&rsquo;il est int\u00e9gr\u00e9 \u00e0 la ferme, <em>galiny\u00e8ro<\/em> lorsqu&rsquo;il est en plein champ), \u00e9table (<em>estable<\/em>), bergerie (<em>jasso<\/em>), garde-pile (<em>gardo-pilo<\/em>), chai (<em>tsai<\/em>), pigeonnier (<em>pixouni\u00e8<\/em>)\u2026<\/p>\n\n\n\n<p>&nbsp;<strong><em>Principes de construction<\/em><\/strong><\/p>\n\n\n\n<p>Il est \u00e9tabli que les petits \u00e9difices en pierre s\u00e8che des causses du Quercy ne datent que du XIX<sup>e<\/sup> si\u00e8cle et de la deuxi\u00e8me moiti\u00e9 du XVIII<sup>e<\/sup>&nbsp;; ils sont li\u00e9s \u00e0 la conqu\u00eate paysanne du sol, commenc\u00e9e vers la fin de l\u2019<a href=\"http:\/\/fr.wikipedia.org\/wiki\/Ancien_R%C3%A9gime\">Ancien R\u00e9gime<\/a> et poursuivie durant la majeure partie du XIX<sup>e<\/sup> si\u00e8cle, par contre l\u2019incertitude est grande quant \u00e0 l\u2019existence d\u2019ouvrages ant\u00e9rieurs.<\/p>\n\n\n\n<p><sup>[]<\/sup>L\u2019emploi d\u00e8s le XV<sup>e<\/sup> si\u00e8cle, du terme <em>cazela<\/em> pour d\u00e9signer un genre de cabane en pierres, ne permet pas d&rsquo;indiquer si au <a href=\"http:\/\/fr.wikipedia.org\/wiki\/Moyen_%C3%82ge\">Moyen \u00c2ge<\/a> on entendait par <em>cas\u00e8lo<\/em>&nbsp; exactement la m\u00eame chose qu\u2019au XIX<sup>e<\/sup> si\u00e8cle.<\/p>\n\n\n\n<p><sup>[]<\/sup>Tout historien de l\u2019architecture sait en effet qu\u2019il n\u2019existe pas de type architectural qui perdure, inchang\u00e9, ind\u00e9modable, cinq si\u00e8cles durant, les productions architecturales \u00e9tant soumises au progr\u00e8s de l\u2019\u00e9conomie et de l\u2019outillage.&nbsp;&nbsp;&nbsp;&nbsp;&nbsp;&nbsp;&nbsp;&nbsp;&nbsp;<\/p>\n\n\n\n<p>En effet, <strong>ce type architectural<\/strong> r\u00e9pondait \u00e0 certaines <strong>r\u00e8gles&nbsp;<\/strong>:<\/p>\n\n\n\n<p><strong>1<\/strong>&nbsp;&#8211; Les dalles de pierre devaient imp\u00e9rativement se recouvrir en \u00ab&nbsp;<strong>encorbellement&nbsp;\u00bb.<\/strong> Puisqu\u2019il n\u2019y a pas de charpente, il faut bien que la vo\u00fbte soit soutenue par son propre poids. Les plus grosses dalles \u00e9taient pos\u00e9es \u00e0 la base de la toiture, sur le haut des murs o\u00f9 on r\u00e9alisait un premier cercle.&nbsp;<\/p>\n\n\n\n<p><strong>2<\/strong>&nbsp;&#8211; Ici se place une seconde r\u00e8gle&nbsp;:<\/p>\n\n\n\n<p>Il faut donner une <strong>inclinaison \u00e0 ces dalles<\/strong>. Une dizaine de degr\u00e9s suffit. Pourquoi&nbsp;? S\u2019il n\u2019y avait pas de pente, l\u2019eau de pluie arriverait \u00e0 s\u2019infiltrer dans le toit et par le biais du gel, \u00e0 le d\u00e9truire. Donc l\u2019eau glisse et est \u00e9ject\u00e9e hors les murs\u2026<\/p>\n\n\n\n<p>On place la seconde rang\u00e9e de dalles, \u00e0 cheval sur la premi\u00e8re, avec l\u2019inclinaison voulue et d\u00e9cal\u00e9e vers l\u2019int\u00e9rieur d\u2019un quart de la largeur. Ce syst\u00e8me, par encorbellement (vient du mot corbeau, qui est un support en ma\u00e7onnerie) permet \u00e0 la couche inf\u00e9rieure de soutenir celle imm\u00e9diatement sup\u00e9rieure et \u00e0 celle qui est au dessus de l\u2019autre, de la stabiliser par son propre poids.<\/p>\n\n\n\n<p><strong>3 &#8211;<\/strong>&nbsp;L\u00e0, vient se caler une troisi\u00e8me r\u00e8gle&nbsp;:<\/p>\n\n\n\n<p>Plus on monte, plus la taille, le volume, la superficie des dalles de calcaire ou de schiste doit aller en diminuant pour<strong> all\u00e9ger la charge sur la vo\u00fbte.<\/strong><\/p>\n\n\n\n<p><strong><em>Fonctions des caselles<\/em><\/strong><\/p>\n\n\n\n<p>Pour comprendre, il faut&nbsp; revenir \u00e0&nbsp; la&nbsp; typologie g\u00e9n\u00e9rale des constructions \u00e0 pierre s\u00e8che, et c&rsquo;est une histoire qui commence avec&#8230;.l&rsquo;agriculture.<\/p>\n\n\n\n<p><br>Issue de l&rsquo;\u00e9pierrement des champs apr\u00e8s les labours, la pierre n&rsquo;est pas recherch\u00e9e&nbsp; en tant que telle, comme mat\u00e9riau. Elle constitue plut\u00f4t un d\u00e9blai important qu&rsquo;il convient d&rsquo;\u00e9liminer. Le mode pr\u00e9sent que nous utilisons&nbsp; ici est celui, bien s\u00fbr, du XIX\u00b0 si\u00e8cle, cette p\u00e9riode d&rsquo;intense activit\u00e9 rurale, entre 1830 et 1880,qui voit se g\u00e9n\u00e9raliser&nbsp; l&rsquo;usage&nbsp; nouveau de charrues v\u00e9ritables; contrairement aux antiques araires qui \u00e9gratignaient le sol, qui le scarifiaient, ces charrues \u00e0 soc et versoir&nbsp; vont&nbsp; plus&nbsp; profond, d\u00e9tachent les couches superficielles de calcaire alt\u00e9r\u00e9 et en ram\u00e8nent \u00e0 la surface les blocs plus ou moins volumineux. Le d\u00e9blai est abondant et lourd.<\/p>\n\n\n\n<p>&nbsp;Il est donc exclu de le transporter&nbsp; au loin. Il va rester aux bords des champs, sous deux&nbsp; formes : les d\u00e9charges en&nbsp; vrac, en tas, en cayrous, et les murettes&#8230;.<\/p>\n\n\n\n<p>D&rsquo;autre part, la vie paysanne, si elle est faite de cultures et de labours, poss\u00e8de une forte composante d&rsquo;\u00e9levage. Petit et gros cheptel sont pr\u00e9sents sur toute ferme, de la vache \u00e0 la brebis, en passant par la ch\u00e8vre, l&rsquo;oie, le dindon et quelques autres. Il faut les nourrir en les menant sur diverses&nbsp; pi\u00e8ces de terre de l&rsquo;exploitation, selon un parcours vari\u00e9 et une rotation&nbsp; subtile, \u00e9tablis en fonction des \u00e9tapes du travail agricole, des saisons, de la nature des animaux, de leur \u00e2ge, etc.<\/p>\n\n\n\n<p>&nbsp;Ce parcours&nbsp; fin et ces s\u00e9jours tr\u00e8s dos\u00e9s sur de multiples parcelles exigent un gardiennage permanent assur\u00e9 par les enfants, les adolescents, ou les vieux. Or, qui dit garder dit s&rsquo;exposer de longues heures au soleil parfois excessif, \u00e0 la pluie \u00e9ventuelle, au vent mauvais, toutes choses supportables si l&rsquo;on travaille, mais peu&nbsp; compatibles&nbsp; avec l&rsquo;inactivit\u00e9.<\/p>\n\n\n\n<p>&nbsp;<br>A ce point il devient tout \u00e0 fait \u00e9clairant de r\u00e9aliser que le m\u00eame mot de garde, utilis\u00e9 \u00e0 la campagne et \u00e0 l&rsquo;arm\u00e9e, entra\u00eene&nbsp; l&rsquo;usage d&rsquo;un autre mot identique, li\u00e9 au m\u00eame besoin d&rsquo;abri sommaire, celui de gu\u00e9rite. (gariotte)<br>Les gariottes-guerites seront donc&nbsp; ces abris individuels \u00e9troits et d\u00e9pourvus d&rsquo;huisserie des&nbsp; bergers de toutes sortes. Et comme il faut rester sur ou en bordure de parcelles, l\u00e0 o\u00f9 sont murettes et cayrous, eh bien ce sera dans&nbsp; l&rsquo;\u00e9paisseur de ces derniers qu&rsquo;elles seront am\u00e9nag\u00e9es&#8230;..<\/p>\n\n\n\n<p>Les <em>caselles <\/em>&nbsp;se pr\u00eataient donc \u00e0 un grand nombre de fonctions, d\u00e9celables \u00e0 certains d\u00e9tails d\u2019am\u00e9nagement int\u00e9rieur ou ext\u00e9rieur&nbsp;:<\/p>\n\n\n\n<ul class=\"wp-block-list\">\n<li>abri de vigne (pr\u00e9sence d&rsquo;une banquette circulaire ou de dalles encastr\u00e9es faisant office de si\u00e8ges);<\/li>\n\n\n\n<li>garde-pile dans le p\u00e9rim\u00e8tre de la ferme (\u00e0 c\u00f4t\u00e9 d\u2019une aire de battage dall\u00e9e);<\/li>\n\n\n\n<li>cellier \u00e0 l\u2019int\u00e9rieur de la ferme ou dans la vigne m\u00eame (avec cuve, barriques et mat\u00e9riel vinaire);<\/li>\n\n\n\n<li><a href=\"http:\/\/fr.wikipedia.org\/wiki\/Poulailler\">poulailler<\/a>, dans la ferme ou en plein champ (avec orifice d\u2019acc\u00e8s pour les volatiles sous la rive de la toiture, perchoirs et niches \u00e0 l\u2019int\u00e9rieur pour la ponte);<\/li>\n\n\n\n<li>soue ou <a href=\"http:\/\/fr.wikipedia.org\/wiki\/%C3%89table_(ferme)\">\u00e9table<\/a>, pr\u00e9c\u00e9d\u00e9e d\u2019une courette, dans la cour de ferme (pour abriter le cochon familial, ou une ch\u00e8vre ou encore deux ou trois brebis);<\/li>\n\n\n\n<li><a href=\"http:\/\/fr.wikipedia.org\/wiki\/%C3%89curie\">\u00e9curie<\/a> pour un \u00e2ne ou un mulet (entr\u00e9e plus haute que celle des autres cabanes);<\/li>\n\n\n\n<li><a href=\"http:\/\/fr.wikipedia.org\/wiki\/Bergerie\">bergerie<\/a>, au sein de la ferme ou dans les champs ou les bois (pour abriter, selon sa taille, de 10 \u00e0 20 moutons);<a href=\"http:\/\/fr.wikipedia.org\/wiki\/Pigeonnier\">pigeonnier<\/a>, fonction d\u00e9volue \u00e0 l\u2019espace sous le couvrement, accessible par un trappe dans un plancher, l\u2019espace inf\u00e9rieur \u00e9tant r\u00e9serv\u00e9 \u00e0 une autre fonction (des corbeilles d\u2019osier accueillaient les volatiles, dont l\u2019acc\u00e8s se faisait par un rudiment de lucarne);<\/li>\n\n\n\n<li>dans le p\u00e9rim\u00e8tre de la ferme, chambre \u00e0 coucher pour un domestique (grande lucarne sur le toit ou fen\u00eatre sous le toit)<\/li>\n\n\n\n<li>habitation temporaire, aux \u00e9poques de travaux dans les champs ou les vignes \u00e9loign\u00e9s (pr\u00e9sence d\u2019une chemin\u00e9e, d\u2019un \u00e9vier, de niches, d\u2019un dallage, \u00e9ventuellement d\u2019une citerne ext\u00e9rieure)<\/li>\n\n\n\n<li>habitation permanente, avec pour occupant un <a href=\"http:\/\/fr.wikipedia.org\/wiki\/Ouvrier_agricole\">ouvrier agricole<\/a>, souvent c\u00e9libataire, ou une femme seule, indigente.<\/li>\n<\/ul>\n\n\n\n<p>Sources&nbsp;:<\/p>\n\n\n\n<p>&#8211; Caselles du Quercy. Roger SENAT, G\u00e9rard CANON. Editions du Laguet MARTEL 2001<\/p>\n\n\n\n<p>&#8211; L\u2019architecture rurale en pierre s\u00e8che du Lot.<\/p>\n\n\n\n<p>&nbsp;&nbsp; CERAPS Paris 1977<\/p>\n\n\n\n<p>&nbsp;&nbsp;&nbsp;&nbsp;&nbsp;&nbsp;&nbsp;&nbsp;&nbsp;&nbsp;&nbsp;&nbsp; &#8211; Caselle. Wikip\u00e9dia<\/p>\n","protected":false},"excerpt":{"rendered":"<p>La caselle de BOURNAZEL Les caselles sont des cabanes en pierre s\u00e8che, de taille variable, servant autrefois d&rsquo;abri pour les humains ou les animaux ou de resserre-\u00e0-outils&nbsp;; on les trouve surtout dans le haut Quercy en particulier dans les causses au nord de la vall\u00e9e du Lot (causse de Gramat). Elles sont appel\u00e9es \u00ab&nbsp;bories&nbsp;\u00bb dans &#8230; <a title=\"la caselle de Bournazel\" class=\"read-more\" href=\"https:\/\/cordescomtat.com\/index.php\/la-caselle-de-bournazel\/\" aria-label=\"En savoir plus sur la caselle de Bournazel\">Lire la suite<\/a><\/p>\n","protected":false},"author":1,"featured_media":0,"parent":0,"menu_order":0,"comment_status":"closed","ping_status":"closed","template":"","meta":{"footnotes":""},"class_list":["post-560","page","type-page","status-publish"],"_links":{"self":[{"href":"https:\/\/cordescomtat.com\/index.php\/wp-json\/wp\/v2\/pages\/560","targetHints":{"allow":["GET"]}}],"collection":[{"href":"https:\/\/cordescomtat.com\/index.php\/wp-json\/wp\/v2\/pages"}],"about":[{"href":"https:\/\/cordescomtat.com\/index.php\/wp-json\/wp\/v2\/types\/page"}],"author":[{"embeddable":true,"href":"https:\/\/cordescomtat.com\/index.php\/wp-json\/wp\/v2\/users\/1"}],"replies":[{"embeddable":true,"href":"https:\/\/cordescomtat.com\/index.php\/wp-json\/wp\/v2\/comments?post=560"}],"version-history":[{"count":1,"href":"https:\/\/cordescomtat.com\/index.php\/wp-json\/wp\/v2\/pages\/560\/revisions"}],"predecessor-version":[{"id":562,"href":"https:\/\/cordescomtat.com\/index.php\/wp-json\/wp\/v2\/pages\/560\/revisions\/562"}],"wp:attachment":[{"href":"https:\/\/cordescomtat.com\/index.php\/wp-json\/wp\/v2\/media?parent=560"}],"curies":[{"name":"wp","href":"https:\/\/api.w.org\/{rel}","templated":true}]}}