{"id":584,"date":"2025-05-15T11:20:02","date_gmt":"2025-05-15T09:20:02","guid":{"rendered":"https:\/\/cordescomtat.com\/?page_id=584"},"modified":"2025-05-15T11:20:02","modified_gmt":"2025-05-15T09:20:02","slug":"les-chantiers-publics-a-cordes-en-1450","status":"publish","type":"page","link":"https:\/\/cordescomtat.com\/index.php\/les-chantiers-publics-a-cordes-en-1450\/","title":{"rendered":"Les chantiers publics \u00e0 Cordes en 1450"},"content":{"rendered":"\n<hr class=\"wp-block-separator aligncenter has-alpha-channel-opacity is-style-wide\"\/>\n\n\n\n<h2 class=\"wp-block-heading has-text-align-center\"><strong>La reconstruction de l\u2019\u00e9glise St Pierre de Crantoul<\/strong><\/h2>\n\n\n\n<h4 class=\"wp-block-heading has-text-align-center\"><strong>(1451-1453).<\/strong>&nbsp;<br><strong><em>par Ma\u00eblle Vandergheynst<\/em><\/strong><br><strong><em>Conf\u00e9rence donn\u00e9e \u00e0 Cordes le 11 janvier 2020<\/em><\/strong><\/h4>\n\n\n<div class=\"wp-block-image\">\n<figure class=\"aligncenter size-large\"><img loading=\"lazy\" decoding=\"async\" width=\"1024\" height=\"768\" src=\"https:\/\/cordescomtat.com\/wp-content\/uploads\/2023\/05\/IMG_0674-1024x768.jpg\" alt=\"\" class=\"wp-image-98\" srcset=\"https:\/\/cordescomtat.com\/wp-content\/uploads\/2023\/05\/IMG_0674-1024x768.jpg 1024w, https:\/\/cordescomtat.com\/wp-content\/uploads\/2023\/05\/IMG_0674-300x225.jpg 300w, https:\/\/cordescomtat.com\/wp-content\/uploads\/2023\/05\/IMG_0674-768x576.jpg 768w, https:\/\/cordescomtat.com\/wp-content\/uploads\/2023\/05\/IMG_0674-1536x1152.jpg 1536w, https:\/\/cordescomtat.com\/wp-content\/uploads\/2023\/05\/IMG_0674-2048x1536.jpg 2048w\" sizes=\"auto, (max-width: 1024px) 100vw, 1024px\" \/><figcaption class=\"wp-element-caption\">Vue d\u2019artiste (C.Barrett)<\/figcaption><\/figure>\n<\/div>\n\n\n<p><em><u>R\u00e9sum\u00e9&nbsp;:<\/u><\/em><\/p>\n\n\n\n<p><em>Au sortir de la guerre de Cent Ans, le consulat cordais ordonne la mise en place de multiples chantiers de construction.<\/em><em>On peut les rassembler en grandes cat\u00e9gories : la r\u00e9paration de la voirie et des enceintes du bourg, l\u2019entretien des b\u00e2timents collectifs et la r\u00e9novation d\u2019\u00e9difices religieux.<\/em><\/p>\n\n\n\n<p><em>Parmi ces derniers, le chantier de l\u2019\u00e9glise Saint-Pierre de Crantoul est le mieux document\u00e9. Il semble qu\u2019en 1450 le consulat cordais ressente le besoin de reconstruire le b\u00e2timent.<\/em><em>Pour ce faire, le ma\u00eetre-ma\u00e7on Miquel Raynaut est engag\u00e9 avec son \u00e9quipe. Une comptabilit\u00e9 est \u00e0 l\u2019origine de ce travail de recherche.<\/em><\/p>\n\n\n\n<p><em>Malgr\u00e9 une apparence parfois repoussante, ce type de document est une aubaine pour quiconque s\u2019int\u00e9resse \u00e0 l\u2019histoire de la construction. Elle apporte des informations sur le d\u00e9roulement, l\u2019organisation et le financement d\u2019un chantier de construction.<\/em><em>L\u2019ensemble des chantiers cordais sera \u00e9galement \u00e9voqu\u00e9, dont celui de la tour de la Bouteillerie.<\/em><\/p>\n\n\n\n<p><strong>Ma\u00eblle Vandergheynst<\/strong> est \u00e9tudiante en deuxi\u00e8me ann\u00e9e de master \u00ab&nbsp;Archives&nbsp;\u00bb \u00e0 l\u2019universit\u00e9 Paris 8 et apprentie-archiviste chez Air France.Avant de suivre cette formation, elle a pass\u00e9 deux ann\u00e9es \u00e0 faire de la recherche sur la construction \u00e0 Cordes au Moyen Age.<\/p>\n\n\n\n<p><strong>Son m\u00e9moire de recherche s\u2019intitule :<em>&nbsp;\u00ab&nbsp;La gestion des travaux publics dans le bourg castral de Cordes pendant la seconde moiti\u00e9 du XVe si\u00e8cle.&nbsp;\u00bb<\/em> (consultable aux Archives D\u00e9partementales du Tarn \u00e0 Albi)<\/strong><\/p>\n\n\n\n<hr class=\"wp-block-separator aligncenter has-alpha-channel-opacity is-style-wide\"\/>\n","protected":false},"excerpt":{"rendered":"<p>La reconstruction de l\u2019\u00e9glise St Pierre de Crantoul (1451-1453).&nbsp;par Ma\u00eblle VandergheynstConf\u00e9rence donn\u00e9e \u00e0 Cordes le 11 janvier 2020 R\u00e9sum\u00e9&nbsp;: Au sortir de la guerre de Cent Ans, le consulat cordais ordonne la mise en place de multiples chantiers de construction.On peut les rassembler en grandes cat\u00e9gories : la r\u00e9paration de la voirie et des enceintes &#8230; <a title=\"Les chantiers publics \u00e0 Cordes en 1450\" class=\"read-more\" href=\"https:\/\/cordescomtat.com\/index.php\/les-chantiers-publics-a-cordes-en-1450\/\" aria-label=\"En savoir plus sur Les chantiers publics \u00e0 Cordes en 1450\">Lire la suite<\/a><\/p>\n","protected":false},"author":1,"featured_media":0,"parent":0,"menu_order":0,"comment_status":"closed","ping_status":"closed","template":"","meta":{"footnotes":""},"class_list":["post-584","page","type-page","status-publish"],"_links":{"self":[{"href":"https:\/\/cordescomtat.com\/index.php\/wp-json\/wp\/v2\/pages\/584","targetHints":{"allow":["GET"]}}],"collection":[{"href":"https:\/\/cordescomtat.com\/index.php\/wp-json\/wp\/v2\/pages"}],"about":[{"href":"https:\/\/cordescomtat.com\/index.php\/wp-json\/wp\/v2\/types\/page"}],"author":[{"embeddable":true,"href":"https:\/\/cordescomtat.com\/index.php\/wp-json\/wp\/v2\/users\/1"}],"replies":[{"embeddable":true,"href":"https:\/\/cordescomtat.com\/index.php\/wp-json\/wp\/v2\/comments?post=584"}],"version-history":[{"count":1,"href":"https:\/\/cordescomtat.com\/index.php\/wp-json\/wp\/v2\/pages\/584\/revisions"}],"predecessor-version":[{"id":585,"href":"https:\/\/cordescomtat.com\/index.php\/wp-json\/wp\/v2\/pages\/584\/revisions\/585"}],"wp:attachment":[{"href":"https:\/\/cordescomtat.com\/index.php\/wp-json\/wp\/v2\/media?parent=584"}],"curies":[{"name":"wp","href":"https:\/\/api.w.org\/{rel}","templated":true}]}}