{"id":591,"date":"2025-05-15T12:21:51","date_gmt":"2025-05-15T10:21:51","guid":{"rendered":"https:\/\/cordescomtat.com\/?page_id=591"},"modified":"2025-05-15T12:21:51","modified_gmt":"2025-05-15T10:21:51","slug":"le-temps-de-la-broderie-a-cordes","status":"publish","type":"page","link":"https:\/\/cordescomtat.com\/index.php\/le-temps-de-la-broderie-a-cordes\/","title":{"rendered":"Le temps de la broderie \u00e0 Cordes"},"content":{"rendered":"\n<h2 class=\"wp-block-heading has-text-align-center\"><strong><em>\u00ab\u00a0Le temps de la broderie \u00e0 Cordes\u00a0\u00bb<\/em><\/strong><\/h2>\n\n\n\n<p class=\"has-text-align-center\"><strong>en vente aupr\u00e8s de l&rsquo;association et dans les librairies de Cordes sur Ciel et \u00ab\u00a0Transparence\u00a0\u00bb rue Timbal \u00e0 Albi&nbsp;<\/strong><\/p>\n\n\n\n<p class=\"has-text-align-center\"><strong>Histoire de la broderie m\u00e9canique, de 1880 \u00e0 1980<\/strong><\/p>\n\n\n\n<p class=\"has-text-align-center\"><strong>auteurs: \u00a0<\/strong><\/p>\n\n\n\n<p class=\"has-text-align-center\"><strong>Elisabeth Marchessaux<\/strong><\/p>\n\n\n\n<p class=\"has-text-align-center\"><strong>&nbsp;&nbsp;&nbsp; Maurice Di\u00e9val<\/strong><\/p>\n\n\n\n<p class=\"has-text-align-center\"><\/p>\n","protected":false},"excerpt":{"rendered":"<p>\u00ab\u00a0Le temps de la broderie \u00e0 Cordes\u00a0\u00bb en vente aupr\u00e8s de l&rsquo;association et dans les librairies de Cordes sur Ciel et \u00ab\u00a0Transparence\u00a0\u00bb rue Timbal \u00e0 Albi&nbsp; Histoire de la broderie m\u00e9canique, de 1880 \u00e0 1980 auteurs: \u00a0 Elisabeth Marchessaux &nbsp;&nbsp;&nbsp; Maurice Di\u00e9val<\/p>\n","protected":false},"author":1,"featured_media":0,"parent":0,"menu_order":0,"comment_status":"closed","ping_status":"closed","template":"","meta":{"footnotes":""},"class_list":["post-591","page","type-page","status-publish"],"_links":{"self":[{"href":"https:\/\/cordescomtat.com\/index.php\/wp-json\/wp\/v2\/pages\/591","targetHints":{"allow":["GET"]}}],"collection":[{"href":"https:\/\/cordescomtat.com\/index.php\/wp-json\/wp\/v2\/pages"}],"about":[{"href":"https:\/\/cordescomtat.com\/index.php\/wp-json\/wp\/v2\/types\/page"}],"author":[{"embeddable":true,"href":"https:\/\/cordescomtat.com\/index.php\/wp-json\/wp\/v2\/users\/1"}],"replies":[{"embeddable":true,"href":"https:\/\/cordescomtat.com\/index.php\/wp-json\/wp\/v2\/comments?post=591"}],"version-history":[{"count":1,"href":"https:\/\/cordescomtat.com\/index.php\/wp-json\/wp\/v2\/pages\/591\/revisions"}],"predecessor-version":[{"id":592,"href":"https:\/\/cordescomtat.com\/index.php\/wp-json\/wp\/v2\/pages\/591\/revisions\/592"}],"wp:attachment":[{"href":"https:\/\/cordescomtat.com\/index.php\/wp-json\/wp\/v2\/media?parent=591"}],"curies":[{"name":"wp","href":"https:\/\/api.w.org\/{rel}","templated":true}]}}