{"id":593,"date":"2025-05-15T12:53:51","date_gmt":"2025-05-15T10:53:51","guid":{"rendered":"https:\/\/cordescomtat.com\/?page_id=593"},"modified":"2025-05-15T12:53:51","modified_gmt":"2025-05-15T10:53:51","slug":"leon-casimir-bru-cordais-createur-des-poupees-bru","status":"publish","type":"page","link":"https:\/\/cordescomtat.com\/index.php\/leon-casimir-bru-cordais-createur-des-poupees-bru\/","title":{"rendered":"L\u00e9on Casimir BR\u00db, cordais cr\u00e9ateur des poup\u00e9es BRU"},"content":{"rendered":"\n<p>A propos des tisserands et drapiers de Cordes&#8230;<\/p>\n\n\n\n<p>L\u00e9on Casimir BR\u00db&nbsp; n\u00e9 le 16 septembre 1837 \u00e0 CORDES (81)<\/p>\n\n\n\n<p>Est bien originaire d&rsquo;une famille de tisserands cordais, depuis son grand-p\u00e8re Salvi BR\u00db.<\/p>\n\n\n\n<p>Il est le &nbsp;cr\u00e9ateur des c\u00e9l\u00e8bres poup\u00e9es&nbsp; BR\u00db, il a mont\u00e9&nbsp;sa soci\u00e9t\u00e9 BR\u00db en 1867 \u00e0 PARIS pour fabriquer ces poup\u00e9es. Il avait \u00e9pous\u00e9 Apollyne COMYN, couturi\u00e8re, en 1866.<\/p>\n\n\n<div class=\"wp-block-image\">\n<figure class=\"aligncenter size-full\"><img loading=\"lazy\" decoding=\"async\" width=\"249\" height=\"600\" src=\"https:\/\/cordescomtat.com\/wp-content\/uploads\/2025\/05\/poupee.jpg\" alt=\"\" class=\"wp-image-594\" srcset=\"https:\/\/cordescomtat.com\/wp-content\/uploads\/2025\/05\/poupee.jpg 249w, https:\/\/cordescomtat.com\/wp-content\/uploads\/2025\/05\/poupee-125x300.jpg 125w\" sizes=\"auto, (max-width: 249px) 100vw, 249px\" \/><\/figure>\n<\/div>\n\n\n<p>La soci\u00e9t\u00e9 a prosp\u00e9r\u00e9 jusqu&rsquo;en 1890, avant d&rsquo;\u00eatre vendue.&nbsp;&nbsp;L\u00e9on Casimir a ensuite fabriqu\u00e9 des pianos, sous son nom, toujours \u00e0 PARIS.<\/p>\n\n\n\n<p>Sa fille unique, Lucie BR\u00db-COUSTURIER, a \u00e9t\u00e9 peintre (\u00e9l\u00e8ve de P.SIGNAC) et \u00e9crivain engag\u00e9e contre le colonialisme.<\/p>\n\n\n\n<p>&nbsp;Vous retrouverez l&rsquo;histoire de cette belle r\u00e9ussite dans le num\u00e9ro 2013 de notre revue.<\/p>\n\n\n\n<hr class=\"wp-block-separator aligncenter has-alpha-channel-opacity is-style-wide\"\/>\n\n\n\n<h3 class=\"wp-block-heading has-text-align-center\"><strong>LEON-CASIMIR BR\u00db<\/strong><\/h3>\n\n\n\n<h4 class=\"wp-block-heading has-text-align-center\"><strong>Un Cordais cr\u00e9ateur de poup\u00e9es c\u00e9l\u00e8bres, descendant d\u2019un tisserand<\/strong><\/h4>\n\n\n\n<p>L\u00e9on-Casimir BR\u00db est n\u00e9 \u00e0 CORDES le 16 septembre 1837, fils de Jean BR\u00db, tisserand, et de Rosalie BOYER. Jean BR\u00db,<br>(8 vent\u00f4se AN 7 \u2013 1\/01\/1870) \u00e9tait le fils de Salvi BR\u00db, n\u00e9 en 1771, m\u00e9nager de la m\u00e9tairie MERSIE, et de Jeanne AUSTRUY.<br>Les familles BOYER, MERSIE et AUSTRUY sont bien connues comme habitantes de la cit\u00e9 cordaise.<br>L\u00e9on \u2013Casimir \u00e9tait le plus jeune fils, ses fr\u00e8res et s\u0153urs \u00e9tant Justine et Auguste. (1)<br>Cette famille BR\u00db exer\u00e7ait le m\u00e9tier de tisserand, comme bien de leurs concitoyens \u00e0 cette \u00e9poque : les t\u00e9moins figurant \u00e0 l\u2019acte de naissance de L\u00e9on-Casimir \u00e9taient Joseph THOURON, 61 ans, tisserand, et Fran\u00e7ois DELROS, 33 ans, tisserand. Le livre de comptes du n\u00e9gociant en toiles BARTHE porte mention de l\u2019activit\u00e9 des BR\u00db par des achats de tissus r\u00e9guliers entre 1826 et 1829 (2)<br>En 1860, L\u00e9on-Casimir a conscience que le m\u00e9tier de tisserand n\u2019a plus d\u2019avenir \u00e0 Cordes, la m\u00e9canisation pouss\u00e9e des m\u00e9tiers \u00e0 tisser condamne l\u2019activit\u00e9 manuelle : il d\u00e9cide donc de \u00ab monter \u00bb \u00e0 PARIS pour travailler chez un fabricant de poup\u00e9es, la maison SERRE-SCHNEIDER. Il fait la rencontre d\u2019Apollyne COMYN, de TOURS, qu\u2019il \u00e9pouse en 1866. Apollyne est couturi\u00e8re et r\u00e9alise d\u00e9j\u00e0 des costumes pour poup\u00e9es de luxe.<br>Tr\u00e8s entreprenants tous les deux, ils d\u00e9cident de fonder une manufacture d\u2019assemblage qui sous-traite des t\u00eates de poup\u00e9es pour le fabricant Emile BARROIS. Ils installent leur soci\u00e9t\u00e9 au 14, bd Saint-Denis. En 1867, L\u00e9on-Casimir d\u00e9pose le brevet de sa premi\u00e8re invention : la \u00ab poup\u00e9e criante \u00bb. En d\u00e9cembre 1867, nouveau brevet : la \u00ab poup\u00e9e surprise \u00bb, poup\u00e9e double face qui poss\u00e8de une t\u00eate pivotante et deux visages, l\u2019un souriant, l\u2019autre en larmes ; en 1868, les deux visages deviennent endormi et \u00e9veill\u00e9. A cette m\u00eame date, la \u00ab parisienne \u00bb poss\u00e8de un corps en bois articul\u00e9 aux poignets, coudes, genoux, chevilles et m\u00eame \u00e0 la taille, ce qui lui permet d\u2019adopter toutes les positions. Ces poup\u00e9es ont un corps de femme \u00e0 la taille marqu\u00e9e.<br>Cette production marche bien, nous sommes sous le Second Empire, p\u00e9riode de prosp\u00e9rit\u00e9 \u00e9conomique avec l\u2019ouverture des grands magasins (Bon March\u00e9, Printemps) ; le nom de BRU apparait dans l\u2019Almanach du Commerce en 1868.<br>Apr\u00e8s le d\u00e9sastre de Sedan, chute de l\u2019Empire, le commerce s\u2019effondre ; L\u00e9on-Casimir, toujours tr\u00e8s entreprenant, d\u00e9cide de diversifier sa production et de cr\u00e9er un catalogue en 1872. En 1873, apparait la \u00ab BRU souriante \u00bb, la t\u00eate est mont\u00e9e sur un corps en bois articul\u00e9 ou en cuir. \u00ab Poup\u00e9e mythique. Belle comme la Joconde. On a pens\u00e9 qu\u2019elle \u00e9tait une \u00e9vocation de Mona Lisa, mais il s\u2019agirait plut\u00f4t de l\u2019imp\u00e9ratrice Eug\u00e9nie de Montijo, \u00e9pouse de Napol\u00e9on III \u00bb.<br>1875 : la maison BRU est en pleine prosp\u00e9rit\u00e9, la fabrique d\u00e9m\u00e9nage au 1-3, boulevard de Strasbourg ; les t\u00eates sont sous-trait\u00e9es \u00e0 la maison JUMEAU. BRU remporte la m\u00e9daille d\u2019argent \u00e0 l\u2019exposition universelle o\u00f9 il d\u00e9couvre les poup\u00e9es japonaises \u00ab b\u00e9b\u00e9 \u00bb : le corps d\u2019un enfant de 3 \u00e0 5 ans. En 1879, le brevet du \u00ab B\u00e9b\u00e9 BRU \u00bb est d\u00e9pos\u00e9, il se distingue des autres fabricants par son corps en cuir, une production co\u00fbteuse mais qui rencontrera un franc succ\u00e8s. Les mod\u00e8les des ann\u00e9es 1880 \u00e0 1883 sont les plus r\u00e9ussis, ils seront produits jusqu\u2019\u00e0 la fin de la marque, en 1899. La famille BR\u00db vit alors de revenus confortables, bien install\u00e9e dans la bourgeoisie active de la capitale (leur fille unique Lucie na\u00eet en 1876).<\/p>\n\n\n<div class=\"wp-block-image\">\n<figure class=\"aligncenter size-full is-resized\"><img loading=\"lazy\" decoding=\"async\" width=\"310\" height=\"257\" src=\"https:\/\/cordescomtat.com\/wp-content\/uploads\/2025\/05\/DsjAnS.jpg\" alt=\"\" class=\"wp-image-595\" style=\"width:454px;height:auto\" srcset=\"https:\/\/cordescomtat.com\/wp-content\/uploads\/2025\/05\/DsjAnS.jpg 310w, https:\/\/cordescomtat.com\/wp-content\/uploads\/2025\/05\/DsjAnS-300x249.jpg 300w\" sizes=\"auto, (max-width: 310px) 100vw, 310px\" \/><figcaption class=\"wp-element-caption\">En cette fin du XIX\u00e8me si\u00e8cle, les b\u00e9b\u00e9s BRU repr\u00e9sentaient la quintessence de l\u2019enfant id\u00e9alis\u00e9.<\/figcaption><\/figure>\n<\/div>\n\n\n<p class=\"has-text-align-center\">La cote de ces poup\u00e9es BR\u00db s\u2019\u00e9tablit de 3 500 \u00e0 24 000\u20ac, selon<br>la p\u00e9riode et la fabrication : corps en bois ou en cuir<\/p>\n\n\n<div class=\"wp-block-image\">\n<figure class=\"aligncenter size-full is-resized\"><img loading=\"lazy\" decoding=\"async\" width=\"187\" height=\"64\" src=\"https:\/\/cordescomtat.com\/wp-content\/uploads\/2025\/05\/signature.jpg\" alt=\"\" class=\"wp-image-596\" style=\"width:425px;height:auto\"\/><figcaption class=\"wp-element-caption\">Une signature prestigieuse et rare<\/figcaption><\/figure>\n<\/div>\n\n\n<p>Le 29 novembre 1883, Henri C\u00e9lestin CHEVROT ach\u00e8te la maison BRU ; il en garde le nom prestigieux et se sp\u00e9cialise dans les poup\u00e9es de luxe. Il cr\u00e9e le fameux b\u00e9b\u00e9 CHEVROT, qui prend le nom de \u00ab BR\u00db Jeune \u00bb pour honorer le fondateur de la firme. En 1890, Paul GIRARD succ\u00e8de \u00e0 CHEVROT, les poup\u00e9es sont alors marqu\u00e9es \u00ab BR\u00db Jeune R \u00bb. C\u2019est \u00e0 cette date que les principaux fabricants de poup\u00e9es se regroupent pour fusionner au sein de la SFJB (Soci\u00e9t\u00e9 Fran\u00e7aise de B\u00e9b\u00e9s et de<br>Jouets) afin de r\u00e9sister \u00e0 la concurrence.<br>Devenu veuf non remari\u00e9, L\u00e9on-Casimir se lance alors dans la fabrication, le n\u00e9goce et le louage de pianos, qui existent encore sur le march\u00e9. Sa soci\u00e9t\u00e9 de g\u00e9rance des Ets BRU SARL est mise en liquidation judiciaire le 28 juin 1935. Sa fille, Lucie BR\u00db-COUSTURIER (1876-1925) sera \u00e9crivain et peintre (\u00e9cole des pointillistes, amie intime de Georges SEURAT). Lucie aura un fils unique en 1901, Raymond, qui d\u00e9c\u00e8dera sans descendance en 1951 dans un accident de voiture.<\/p>\n\n\n<div class=\"wp-block-image\">\n<figure class=\"aligncenter size-full is-resized\"><img loading=\"lazy\" decoding=\"async\" width=\"120\" height=\"158\" src=\"https:\/\/cordescomtat.com\/wp-content\/uploads\/2025\/05\/Lucie.jpg\" alt=\"\" class=\"wp-image-597\" style=\"width:205px;height:auto\"\/><\/figure>\n<\/div>\n\n\n<p>Sources<br>\u20181) Archives d\u00e9partementales du Tarn \u2013 Etat-civil<br>(2) Archives famille MANUEL<br>Poup\u00e9es-Passion : guide pour collectionneur de poup\u00e9es anciennes<br>https:\/\/www.polichinelle.verfblog.net<br>https:\/\/www.info.poupees.com<\/p>\n\n\n\n<h3 class=\"wp-block-heading has-text-align-center\"><strong>Cr\u00e9ations L\u00e9on-Casimir BR\u00db<\/strong><\/h3>\n\n\n<div class=\"wp-block-image\">\n<figure class=\"aligncenter size-full\"><img loading=\"lazy\" decoding=\"async\" width=\"216\" height=\"288\" src=\"https:\/\/cordescomtat.com\/wp-content\/uploads\/2025\/05\/poupee2.jpg\" alt=\"\" class=\"wp-image-598\"\/><figcaption class=\"wp-element-caption\">Bois articul\u00e9<\/figcaption><\/figure>\n<\/div>\n\n<div class=\"wp-block-image\">\n<figure class=\"aligncenter size-full\"><img loading=\"lazy\" decoding=\"async\" width=\"180\" height=\"240\" src=\"https:\/\/cordescomtat.com\/wp-content\/uploads\/2025\/05\/poupee3.jpg\" alt=\"\" class=\"wp-image-599\"\/><figcaption class=\"wp-element-caption\">BR\u00db \u00ab souriante \u00bb<\/figcaption><\/figure>\n<\/div>\n\n<div class=\"wp-block-image\">\n<figure class=\"aligncenter size-full\"><img loading=\"lazy\" decoding=\"async\" width=\"185\" height=\"239\" src=\"https:\/\/cordescomtat.com\/wp-content\/uploads\/2025\/05\/poupee4.jpg\" alt=\"\" class=\"wp-image-600\"\/><figcaption class=\"wp-element-caption\">B\u00e9b\u00e9 BR\u00db brevet\u00e9<\/figcaption><\/figure>\n<\/div>\n\n<div class=\"wp-block-image\">\n<figure class=\"aligncenter size-full\"><img loading=\"lazy\" decoding=\"async\" width=\"292\" height=\"371\" src=\"https:\/\/cordescomtat.com\/wp-content\/uploads\/2025\/05\/poupee5.jpg\" alt=\"\" class=\"wp-image-601\" srcset=\"https:\/\/cordescomtat.com\/wp-content\/uploads\/2025\/05\/poupee5.jpg 292w, https:\/\/cordescomtat.com\/wp-content\/uploads\/2025\/05\/poupee5-236x300.jpg 236w\" sizes=\"auto, (max-width: 292px) 100vw, 292px\" \/><figcaption class=\"wp-element-caption\">B\u00e9b\u00e9s CHEVROT \u00ab BR\u00db Jeune \u00bb<\/figcaption><\/figure>\n<\/div>\n\n<div class=\"wp-block-image\">\n<figure class=\"aligncenter size-full\"><img loading=\"lazy\" decoding=\"async\" width=\"249\" height=\"441\" src=\"https:\/\/cordescomtat.com\/wp-content\/uploads\/2025\/05\/poupee6.jpg\" alt=\"\" class=\"wp-image-602\" srcset=\"https:\/\/cordescomtat.com\/wp-content\/uploads\/2025\/05\/poupee6.jpg 249w, https:\/\/cordescomtat.com\/wp-content\/uploads\/2025\/05\/poupee6-169x300.jpg 169w\" sizes=\"auto, (max-width: 249px) 100vw, 249px\" \/><figcaption class=\"wp-element-caption\">B\u00e9b\u00e9s CHEVROT \u00ab BR\u00db Jeune \u00bb<\/figcaption><\/figure>\n<\/div>\n\n<div class=\"wp-block-image\">\n<figure class=\"aligncenter size-full\"><img loading=\"lazy\" decoding=\"async\" width=\"215\" height=\"300\" src=\"https:\/\/cordescomtat.com\/wp-content\/uploads\/2025\/05\/poupee7.jpg\" alt=\"\" class=\"wp-image-603\"\/><figcaption class=\"wp-element-caption\">T\u00eate en cuir<\/figcaption><\/figure>\n<\/div>\n\n<div class=\"wp-block-image\">\n<figure class=\"aligncenter size-full\"><img loading=\"lazy\" decoding=\"async\" width=\"150\" height=\"200\" src=\"https:\/\/cordescomtat.com\/wp-content\/uploads\/2025\/05\/poupee8.jpg\" alt=\"\" class=\"wp-image-604\"\/><figcaption class=\"wp-element-caption\">B\u00e9b\u00e9 BR\u00db \u00ab T\u00eateur \u00bb<\/figcaption><\/figure>\n<\/div>\n\n<div class=\"wp-block-image\">\n<figure class=\"aligncenter size-full\"><img loading=\"lazy\" decoding=\"async\" width=\"291\" height=\"400\" src=\"https:\/\/cordescomtat.com\/wp-content\/uploads\/2025\/05\/poupee9.jpg\" alt=\"\" class=\"wp-image-607\" srcset=\"https:\/\/cordescomtat.com\/wp-content\/uploads\/2025\/05\/poupee9.jpg 291w, https:\/\/cordescomtat.com\/wp-content\/uploads\/2025\/05\/poupee9-218x300.jpg 218w\" sizes=\"auto, (max-width: 291px) 100vw, 291px\" \/><figcaption class=\"wp-element-caption\">BR\u00db \u00ab double face \u00bb<\/figcaption><\/figure>\n<\/div>\n\n<div class=\"wp-block-image\">\n<figure class=\"aligncenter size-full\"><img loading=\"lazy\" decoding=\"async\" width=\"291\" height=\"400\" src=\"https:\/\/cordescomtat.com\/wp-content\/uploads\/2025\/05\/poupee11.jpg\" alt=\"\" class=\"wp-image-606\" srcset=\"https:\/\/cordescomtat.com\/wp-content\/uploads\/2025\/05\/poupee11.jpg 291w, https:\/\/cordescomtat.com\/wp-content\/uploads\/2025\/05\/poupee11-218x300.jpg 218w\" sizes=\"auto, (max-width: 291px) 100vw, 291px\" \/><figcaption class=\"wp-element-caption\">BR\u00db \u00ab double face \u00bb<\/figcaption><\/figure>\n<\/div>","protected":false},"excerpt":{"rendered":"<p>A propos des tisserands et drapiers de Cordes&#8230; L\u00e9on Casimir BR\u00db&nbsp; n\u00e9 le 16 septembre 1837 \u00e0 CORDES (81) Est bien originaire d&rsquo;une famille de tisserands cordais, depuis son grand-p\u00e8re Salvi BR\u00db. Il est le &nbsp;cr\u00e9ateur des c\u00e9l\u00e8bres poup\u00e9es&nbsp; BR\u00db, il a mont\u00e9&nbsp;sa soci\u00e9t\u00e9 BR\u00db en 1867 \u00e0 PARIS pour fabriquer ces poup\u00e9es. Il avait &#8230; <a title=\"L\u00e9on Casimir BR\u00db, cordais cr\u00e9ateur des poup\u00e9es BRU\" class=\"read-more\" href=\"https:\/\/cordescomtat.com\/index.php\/leon-casimir-bru-cordais-createur-des-poupees-bru\/\" aria-label=\"En savoir plus sur L\u00e9on Casimir BR\u00db, cordais cr\u00e9ateur des poup\u00e9es BRU\">Lire la suite<\/a><\/p>\n","protected":false},"author":1,"featured_media":0,"parent":0,"menu_order":0,"comment_status":"closed","ping_status":"closed","template":"","meta":{"footnotes":""},"class_list":["post-593","page","type-page","status-publish"],"_links":{"self":[{"href":"https:\/\/cordescomtat.com\/index.php\/wp-json\/wp\/v2\/pages\/593","targetHints":{"allow":["GET"]}}],"collection":[{"href":"https:\/\/cordescomtat.com\/index.php\/wp-json\/wp\/v2\/pages"}],"about":[{"href":"https:\/\/cordescomtat.com\/index.php\/wp-json\/wp\/v2\/types\/page"}],"author":[{"embeddable":true,"href":"https:\/\/cordescomtat.com\/index.php\/wp-json\/wp\/v2\/users\/1"}],"replies":[{"embeddable":true,"href":"https:\/\/cordescomtat.com\/index.php\/wp-json\/wp\/v2\/comments?post=593"}],"version-history":[{"count":1,"href":"https:\/\/cordescomtat.com\/index.php\/wp-json\/wp\/v2\/pages\/593\/revisions"}],"predecessor-version":[{"id":608,"href":"https:\/\/cordescomtat.com\/index.php\/wp-json\/wp\/v2\/pages\/593\/revisions\/608"}],"wp:attachment":[{"href":"https:\/\/cordescomtat.com\/index.php\/wp-json\/wp\/v2\/media?parent=593"}],"curies":[{"name":"wp","href":"https:\/\/api.w.org\/{rel}","templated":true}]}}