{"id":609,"date":"2025-05-15T12:56:17","date_gmt":"2025-05-15T10:56:17","guid":{"rendered":"https:\/\/cordescomtat.com\/?page_id=609"},"modified":"2025-05-15T12:56:17","modified_gmt":"2025-05-15T10:56:17","slug":"recherches-en-histoire-locale","status":"publish","type":"page","link":"https:\/\/cordescomtat.com\/index.php\/recherches-en-histoire-locale\/","title":{"rendered":"Recherches en histoire locale"},"content":{"rendered":"\n<p class=\"has-text-align-center\">La d\u00e9couverte&nbsp;&nbsp;de Cordes et&nbsp; sa proche r\u00e9gion est passionnante&#8230;<\/p>\n\n\n\n<p class=\"has-text-align-center\">Vous connaissez&nbsp;des \u00e9l\u00e9ments de son histoire ?<\/p>\n\n\n\n<p class=\"has-text-align-center\">Vous poss\u00e9dez des documents int\u00e9ressants ?<\/p>\n\n\n\n<p class=\"has-text-align-center\">Paratgeons nos connaissances !<\/p>\n\n\n<div class=\"wp-block-image\">\n<figure class=\"aligncenter size-full\"><img loading=\"lazy\" decoding=\"async\" width=\"407\" height=\"600\" src=\"https:\/\/cordescomtat.com\/wp-content\/uploads\/2025\/05\/172-001-1.jpg\" alt=\"\" class=\"wp-image-610\" srcset=\"https:\/\/cordescomtat.com\/wp-content\/uploads\/2025\/05\/172-001-1.jpg 407w, https:\/\/cordescomtat.com\/wp-content\/uploads\/2025\/05\/172-001-1-204x300.jpg 204w\" sizes=\"auto, (max-width: 407px) 100vw, 407px\" \/><\/figure>\n<\/div>","protected":false},"excerpt":{"rendered":"<p>La d\u00e9couverte&nbsp;&nbsp;de Cordes et&nbsp; sa proche r\u00e9gion est passionnante&#8230; Vous connaissez&nbsp;des \u00e9l\u00e9ments de son histoire ? Vous poss\u00e9dez des documents int\u00e9ressants ? Paratgeons nos connaissances !<\/p>\n","protected":false},"author":1,"featured_media":0,"parent":0,"menu_order":0,"comment_status":"closed","ping_status":"closed","template":"","meta":{"footnotes":""},"class_list":["post-609","page","type-page","status-publish"],"_links":{"self":[{"href":"https:\/\/cordescomtat.com\/index.php\/wp-json\/wp\/v2\/pages\/609","targetHints":{"allow":["GET"]}}],"collection":[{"href":"https:\/\/cordescomtat.com\/index.php\/wp-json\/wp\/v2\/pages"}],"about":[{"href":"https:\/\/cordescomtat.com\/index.php\/wp-json\/wp\/v2\/types\/page"}],"author":[{"embeddable":true,"href":"https:\/\/cordescomtat.com\/index.php\/wp-json\/wp\/v2\/users\/1"}],"replies":[{"embeddable":true,"href":"https:\/\/cordescomtat.com\/index.php\/wp-json\/wp\/v2\/comments?post=609"}],"version-history":[{"count":1,"href":"https:\/\/cordescomtat.com\/index.php\/wp-json\/wp\/v2\/pages\/609\/revisions"}],"predecessor-version":[{"id":611,"href":"https:\/\/cordescomtat.com\/index.php\/wp-json\/wp\/v2\/pages\/609\/revisions\/611"}],"wp:attachment":[{"href":"https:\/\/cordescomtat.com\/index.php\/wp-json\/wp\/v2\/media?parent=609"}],"curies":[{"name":"wp","href":"https:\/\/api.w.org\/{rel}","templated":true}]}}